{"id":10,"date":"2023-08-07T08:06:06","date_gmt":"2023-08-07T08:06:06","guid":{"rendered":"https:\/\/bankonmilwaukee.org\/?page_id=10"},"modified":"2024-03-14T23:05:37","modified_gmt":"2024-03-15T04:05:37","slug":"resources","status":"publish","type":"page","link":"https:\/\/bankonmilwaukee.org\/es\/resources\/","title":{"rendered":"Recursos"},"content":{"rendered":"<div class=\"sp_wpspwpost_static wpspw-design-1 wpspw-grid-2 wpspw-clearfix\">\r\n\r\n\t\t\t\r\n<div class=\"wpspw-post-grid wpspw-medium-6 wpspw-columns first\">\r\n\t<div class=\"wpspw-post-grid-content\">\r\n\r\n\t\t\t\t\t<div class=\"wpspw-post-image-bg\">\r\n\t\t\t\t<a href=\"https:\/\/bankonmilwaukee.org\/es\/resources\/your-smart-money-resource-guides-free-download\/\">\r\n\t\t\t\t\t<img decoding=\"async\" src=\"https:\/\/bankonmilwaukee.org\/wp-content\/uploads\/2023\/09\/sample-02-1.jpg\" alt=\"Your Smart Money Resource Guides \u2013 FREE Download\" \/>\r\n\t\t\t\t<\/a>\r\n\t\t\t<\/div>\r\n\t\t\r\n\t\t<h2 class=\"wpspw-post-title\">\r\n\t\t\t<a href=\"https:\/\/bankonmilwaukee.org\/es\/resources\/your-smart-money-resource-guides-free-download\/\">Sus gu\u00edas de recursos de Smart Money: descarga GRATUITA<\/a>\r\n\t\t<\/h2>\r\n\r\n\t\t\t\t\t<div class=\"wpspw-post-content\">\r\n\t\t\t\t\t\t\t\t\t<div>\r\n\t\t\t\t\t\tCada a\u00f1o, Bank On Greater Milwaukee actualiza y publica esta Gu\u00eda de recursos para residentes y proveedores de servicios del \u00e1rea de Milwaukee, y distribuye...\t\t\t\t\t<\/div>\r\n\t\t\t\t\t<a class=\"wpspw-readmorebtn\" href=\"https:\/\/bankonmilwaukee.org\/es\/resources\/your-smart-money-resource-guides-free-download\/\">Leer m\u00e1s<\/a>\r\n\t\t\t\t\t\t\t<\/div>\r\n\t\t\t<\/div>\r\n<\/div>\r\n<div class=\"wpspw-post-grid wpspw-medium-6 wpspw-columns\">\r\n\t<div class=\"wpspw-post-grid-content\">\r\n\r\n\t\t\t\t\t<div class=\"wpspw-post-image-bg\">\r\n\t\t\t\t<a href=\"https:\/\/bankonmilwaukee.org\/es\/resources\/show-me-the-money-videos\/showmethemoney-why-you-should-check-your-credit-report\/\">\r\n\t\t\t\t\t<img decoding=\"async\" src=\"https:\/\/bankonmilwaukee.org\/wp-content\/uploads\/2025\/04\/check-your-credit-report.jpg\" alt=\"#ShowMeTheMoney: Why You Should Check Your Credit Report\" \/>\r\n\t\t\t\t<\/a>\r\n\t\t\t<\/div>\r\n\t\t\r\n\t\t<h2 class=\"wpspw-post-title\">\r\n\t\t\t<a href=\"https:\/\/bankonmilwaukee.org\/es\/resources\/show-me-the-money-videos\/showmethemoney-why-you-should-check-your-credit-report\/\">#ShowMeTheMoney: Por qu\u00e9 deber\u00edas revisar tu informe crediticio<\/a>\r\n\t\t<\/h2>\r\n\r\n\t\t\t\t\t<div class=\"wpspw-post-content\">\r\n\t\t\t\t\t\t\t\t\t<div>\r\n\t\t\t\t\t\tEn este video de #ShowMeTheMoney, Terina Hammick de Prime Financial Credit Union comparte por qu\u00e9 es importante verificar su cr\u00e9dito...\t\t\t\t\t<\/div>\r\n\t\t\t\t\t<a class=\"wpspw-readmorebtn\" href=\"https:\/\/bankonmilwaukee.org\/es\/resources\/show-me-the-money-videos\/showmethemoney-why-you-should-check-your-credit-report\/\">Leer m\u00e1s<\/a>\r\n\t\t\t\t\t\t\t<\/div>\r\n\t\t\t<\/div>\r\n<\/div>\r\n<div class=\"wpspw-post-grid wpspw-medium-6 wpspw-columns first\">\r\n\t<div class=\"wpspw-post-grid-content\">\r\n\r\n\t\t\t\t\t<div class=\"wpspw-post-image-bg\">\r\n\t\t\t\t<a href=\"https:\/\/bankonmilwaukee.org\/es\/resources\/show-me-the-money-videos\/showmethemoney-why-you-should-have-a-savings-account\/\">\r\n\t\t\t\t\t<img decoding=\"async\" src=\"https:\/\/bankonmilwaukee.org\/wp-content\/uploads\/2025\/04\/why-get-a-savings-accoungt.jpg\" alt=\"#ShowMeTheMoney: Why You Should Have a Savings Account\" \/>\r\n\t\t\t\t<\/a>\r\n\t\t\t<\/div>\r\n\t\t\r\n\t\t<h2 class=\"wpspw-post-title\">\r\n\t\t\t<a href=\"https:\/\/bankonmilwaukee.org\/es\/resources\/show-me-the-money-videos\/showmethemoney-why-you-should-have-a-savings-account\/\">#ShowMeTheMoney: Por qu\u00e9 deber\u00edas tener una cuenta de ahorros<\/a>\r\n\t\t<\/h2>\r\n\r\n\t\t\t\t\t<div class=\"wpspw-post-content\">\r\n\t\t\t\t\t\t\t\t\t<div>\r\n\t\t\t\t\t\tEn este video de #ShowMeTheMoney, Victor Frasier de Educators Credit Union comparte por qu\u00e9 es importante tener una cuenta de ahorros....\t\t\t\t\t<\/div>\r\n\t\t\t\t\t<a class=\"wpspw-readmorebtn\" href=\"https:\/\/bankonmilwaukee.org\/es\/resources\/show-me-the-money-videos\/showmethemoney-why-you-should-have-a-savings-account\/\">Leer m\u00e1s<\/a>\r\n\t\t\t\t\t\t\t<\/div>\r\n\t\t\t<\/div>\r\n<\/div>\r\n<div class=\"wpspw-post-grid wpspw-medium-6 wpspw-columns\">\r\n\t<div class=\"wpspw-post-grid-content\">\r\n\r\n\t\t\t\t\t<div class=\"wpspw-post-image-bg\">\r\n\t\t\t\t<a href=\"https:\/\/bankonmilwaukee.org\/es\/resources\/show-me-the-money-videos\/showmethemoney-the-importance-of-checking-your-credit-score\/\">\r\n\t\t\t\t\t<img decoding=\"async\" src=\"https:\/\/bankonmilwaukee.org\/wp-content\/uploads\/2025\/04\/check-your-credit-score.jpg\" alt=\"#ShowMeTheMoney: The Importance of Checking Your Credit Score\" \/>\r\n\t\t\t\t<\/a>\r\n\t\t\t<\/div>\r\n\t\t\r\n\t\t<h2 class=\"wpspw-post-title\">\r\n\t\t\t<a href=\"https:\/\/bankonmilwaukee.org\/es\/resources\/show-me-the-money-videos\/showmethemoney-the-importance-of-checking-your-credit-score\/\">#ShowMeTheMoney: La importancia de verificar su puntaje crediticio<\/a>\r\n\t\t<\/h2>\r\n\r\n\t\t\t\t\t<div class=\"wpspw-post-content\">\r\n\t\t\t\t\t\t\t\t\t<div>\r\n\t\t\t\t\t\tEn este video de #ShowMeTheMoney, Coretta Herring explica por qu\u00e9 es importante revisar tu puntaje crediticio regularmente. Sus 3 consejos principales...\t\t\t\t\t<\/div>\r\n\t\t\t\t\t<a class=\"wpspw-readmorebtn\" href=\"https:\/\/bankonmilwaukee.org\/es\/resources\/show-me-the-money-videos\/showmethemoney-the-importance-of-checking-your-credit-score\/\">Leer m\u00e1s<\/a>\r\n\t\t\t\t\t\t\t<\/div>\r\n\t\t\t<\/div>\r\n<\/div>\r\n<div class=\"wpspw-post-grid wpspw-medium-6 wpspw-columns first\">\r\n\t<div class=\"wpspw-post-grid-content\">\r\n\r\n\t\t\t\t\t<div class=\"wpspw-post-image-bg\">\r\n\t\t\t\t<a href=\"https:\/\/bankonmilwaukee.org\/es\/resources\/show-me-the-money-videos\/showmethemoney-what-banks-can-do-for-you\/\">\r\n\t\t\t\t\t<img decoding=\"async\" src=\"https:\/\/bankonmilwaukee.org\/wp-content\/uploads\/2025\/04\/what-can-banks-do-for-me-lg.jpg\" alt=\"#ShowMeTheMoney: What Banks Can Do For You\" \/>\r\n\t\t\t\t<\/a>\r\n\t\t\t<\/div>\r\n\t\t\r\n\t\t<h2 class=\"wpspw-post-title\">\r\n\t\t\t<a href=\"https:\/\/bankonmilwaukee.org\/es\/resources\/show-me-the-money-videos\/showmethemoney-what-banks-can-do-for-you\/\">#ShowMeTheMoney: Lo que los bancos pueden hacer por usted<\/a>\r\n\t\t<\/h2>\r\n\r\n\t\t\t\t\t<div class=\"wpspw-post-content\">\r\n\t\t\t\t\t\t\t\t\t<div>\r\n\t\t\t\t\t\tEn este video de #ShowMeTheMoney, Angela Byrd de North Shore Bank comparte algunas de las formas en que los bancos como North Shore...\t\t\t\t\t<\/div>\r\n\t\t\t\t\t<a class=\"wpspw-readmorebtn\" href=\"https:\/\/bankonmilwaukee.org\/es\/resources\/show-me-the-money-videos\/showmethemoney-what-banks-can-do-for-you\/\">Leer m\u00e1s<\/a>\r\n\t\t\t\t\t\t\t<\/div>\r\n\t\t\t<\/div>\r\n<\/div>\r\n<div class=\"wpspw-post-grid wpspw-medium-6 wpspw-columns\">\r\n\t<div class=\"wpspw-post-grid-content\">\r\n\r\n\t\t\t\t\t<div class=\"wpspw-post-image-bg\">\r\n\t\t\t\t<a href=\"https:\/\/bankonmilwaukee.org\/es\/news\/financial-inclusion-map-a-tool-to-access-safe-affordable-banking\/\">\r\n\t\t\t\t\t<img decoding=\"async\" src=\"https:\/\/bankonmilwaukee.org\/wp-content\/uploads\/2025\/01\/bogm-financial-inclusion-map-feat.jpg\" alt=\"Financial Inclusion Map: A tool to access safe, affordable banking\" \/>\r\n\t\t\t\t<\/a>\r\n\t\t\t<\/div>\r\n\t\t\r\n\t\t<h2 class=\"wpspw-post-title\">\r\n\t\t\t<a href=\"https:\/\/bankonmilwaukee.org\/es\/news\/financial-inclusion-map-a-tool-to-access-safe-affordable-banking\/\">Mapa de Inclusi\u00f3n Financiera: Una herramienta para acceder a una banca segura y asequible<\/a>\r\n\t\t<\/h2>\r\n\r\n\t\t\t\t\t<div class=\"wpspw-post-content\">\r\n\t\t\t\t\t\t\t\t\t<div>\r\n\t\t\t\t\t\tBank On Greater Milwaukee y Data You Can Use han colaborado para crear un NUEVO mapa interactivo en vivo de...\t\t\t\t\t<\/div>\r\n\t\t\t\t\t<a class=\"wpspw-readmorebtn\" href=\"https:\/\/bankonmilwaukee.org\/es\/news\/financial-inclusion-map-a-tool-to-access-safe-affordable-banking\/\">Leer m\u00e1s<\/a>\r\n\t\t\t\t\t\t\t<\/div>\r\n\t\t\t<\/div>\r\n<\/div>\r\n<div class=\"wpspw-post-grid wpspw-medium-6 wpspw-columns first\">\r\n\t<div class=\"wpspw-post-grid-content\">\r\n\r\n\t\t\t\t\t<div class=\"wpspw-post-image-bg\">\r\n\t\t\t\t<a href=\"https:\/\/bankonmilwaukee.org\/es\/resources\/showmethemoney-achieve-products-with-bank-five-nine\/\">\r\n\t\t\t\t\t<img decoding=\"async\" src=\"https:\/\/bankonmilwaukee.org\/wp-content\/uploads\/2024\/01\/achieve-banking-products.webp\" alt=\"#ShowMeTheMoney: Achieve Products with Bank Five Nine\" \/>\r\n\t\t\t\t<\/a>\r\n\t\t\t<\/div>\r\n\t\t\r\n\t\t<h2 class=\"wpspw-post-title\">\r\n\t\t\t<a href=\"https:\/\/bankonmilwaukee.org\/es\/resources\/showmethemoney-achieve-products-with-bank-five-nine\/\">#ShowMeTheMoney: Logre productos con Bank Five Nine<\/a>\r\n\t\t<\/h2>\r\n\r\n\t\t\t\t\t<div class=\"wpspw-post-content\">\r\n\t\t\t\t\t\t\t\t\t<div>\r\n\t\t\t\t\t\tAchieve Checking Account La cuenta Achieve de Bank Five Nine es un producto electr\u00f3nico \u00fanico para clientes que buscan establecerse...\t\t\t\t\t<\/div>\r\n\t\t\t\t\t<a class=\"wpspw-readmorebtn\" href=\"https:\/\/bankonmilwaukee.org\/es\/resources\/showmethemoney-achieve-products-with-bank-five-nine\/\">Leer m\u00e1s<\/a>\r\n\t\t\t\t\t\t\t<\/div>\r\n\t\t\t<\/div>\r\n<\/div>\r\n<div class=\"wpspw-post-grid wpspw-medium-6 wpspw-columns\">\r\n\t<div class=\"wpspw-post-grid-content\">\r\n\r\n\t\t\t\t\t<div class=\"wpspw-post-image-bg\">\r\n\t\t\t\t<a href=\"https:\/\/bankonmilwaukee.org\/es\/resources\/showmethemoney-volunteer-income-tax-assistance-vita-program\/\">\r\n\t\t\t\t\t<img decoding=\"async\" src=\"https:\/\/bankonmilwaukee.org\/wp-content\/uploads\/2024\/01\/vita-free-tax-preparation.jpg\" alt=\"#ShowMeTheMoney: Volunteer Income Tax Assistance (VITA) Program\" \/>\r\n\t\t\t\t<\/a>\r\n\t\t\t<\/div>\r\n\t\t\r\n\t\t<h2 class=\"wpspw-post-title\">\r\n\t\t\t<a href=\"https:\/\/bankonmilwaukee.org\/es\/resources\/showmethemoney-volunteer-income-tax-assistance-vita-program\/\">#ShowMeTheMoney: Programa de asistencia voluntaria con el impuesto sobre la renta (VITA)<\/a>\r\n\t\t<\/h2>\r\n\r\n\t\t\t\t\t<div class=\"wpspw-post-content\">\r\n\t\t\t\t\t\t\t\t\t<div>\r\n\t\t\t\t\t\tEl programa de Asistencia Voluntaria para el Impuesto sobre la Renta (VITA, por sus siglas en ingl\u00e9s) del IRS ofrece preparaci\u00f3n b\u00e1sica gratuita de declaraciones de impuestos a personas que califican con ingresos. Si usted...\t\t\t\t\t<\/div>\r\n\t\t\t\t\t<a class=\"wpspw-readmorebtn\" href=\"https:\/\/bankonmilwaukee.org\/es\/resources\/showmethemoney-volunteer-income-tax-assistance-vita-program\/\">Leer m\u00e1s<\/a>\r\n\t\t\t\t\t\t\t<\/div>\r\n\t\t\t<\/div>\r\n<\/div>\r\n<div class=\"wpspw-post-grid wpspw-medium-6 wpspw-columns first\">\r\n\t<div class=\"wpspw-post-grid-content\">\r\n\r\n\t\t\t\t\t<div class=\"wpspw-post-image-bg\">\r\n\t\t\t\t<a href=\"https:\/\/bankonmilwaukee.org\/es\/resources\/showmethemoney-mortgage-rescue-scams\/\">\r\n\t\t\t\t\t<img decoding=\"async\" src=\"https:\/\/bankonmilwaukee.org\/wp-content\/uploads\/2024\/01\/mortgage-rescue-scams.jpg\" alt=\"#ShowMeTheMoney: Mortgage Rescue Scams\" \/>\r\n\t\t\t\t<\/a>\r\n\t\t\t<\/div>\r\n\t\t\r\n\t\t<h2 class=\"wpspw-post-title\">\r\n\t\t\t<a href=\"https:\/\/bankonmilwaukee.org\/es\/resources\/showmethemoney-mortgage-rescue-scams\/\">#ShowMeTheMoney: Estafas de rescate hipotecario<\/a>\r\n\t\t<\/h2>\r\n\r\n\t\t\t\t\t<div class=\"wpspw-post-content\">\r\n\t\t\t\t\t\t\t\t\t<div>\r\n\t\t\t\t\t\t\u00bfSab\u00eda que las leyes estatales y federales proh\u00edben que las personas le cobren por adelantado por ayudar con la prevenci\u00f3n de ejecuciones hipotecarias, o...\t\t\t\t\t<\/div>\r\n\t\t\t\t\t<a class=\"wpspw-readmorebtn\" href=\"https:\/\/bankonmilwaukee.org\/es\/resources\/showmethemoney-mortgage-rescue-scams\/\">Leer m\u00e1s<\/a>\r\n\t\t\t\t\t\t\t<\/div>\r\n\t\t\t<\/div>\r\n<\/div>\r\n<div class=\"wpspw-post-grid wpspw-medium-6 wpspw-columns\">\r\n\t<div class=\"wpspw-post-grid-content\">\r\n\r\n\t\t\t\t\t<div class=\"wpspw-post-image-bg\">\r\n\t\t\t\t<a href=\"https:\/\/bankonmilwaukee.org\/es\/resources\/showmethemoney-credit-basics-resources\/\">\r\n\t\t\t\t\t<img decoding=\"async\" src=\"https:\/\/bankonmilwaukee.org\/wp-content\/uploads\/2024\/01\/credit-questions-answers.jpg\" alt=\"#ShowMeTheMoney: Credit Basics &#038; Resources\" \/>\r\n\t\t\t\t<\/a>\r\n\t\t\t<\/div>\r\n\t\t\r\n\t\t<h2 class=\"wpspw-post-title\">\r\n\t\t\t<a href=\"https:\/\/bankonmilwaukee.org\/es\/resources\/showmethemoney-credit-basics-resources\/\">#ShowMeTheMoney: Conceptos b\u00e1sicos y recursos de cr\u00e9dito<\/a>\r\n\t\t<\/h2>\r\n\r\n\t\t\t\t\t<div class=\"wpspw-post-content\">\r\n\t\t\t\t\t\t\t\t\t<div>\r\n\t\t\t\t\t\tEl cr\u00e9dito es dinero que se pide prestado y se paga con intereses a lo largo del tiempo. Su historial crediticio es un registro de...\t\t\t\t\t<\/div>\r\n\t\t\t\t\t<a class=\"wpspw-readmorebtn\" href=\"https:\/\/bankonmilwaukee.org\/es\/resources\/showmethemoney-credit-basics-resources\/\">Leer m\u00e1s<\/a>\r\n\t\t\t\t\t\t\t<\/div>\r\n\t\t\t<\/div>\r\n<\/div>\r\n<div class=\"wpspw-post-grid wpspw-medium-6 wpspw-columns first\">\r\n\t<div class=\"wpspw-post-grid-content\">\r\n\r\n\t\t\t\t\t<div class=\"wpspw-post-image-bg\">\r\n\t\t\t\t<a href=\"https:\/\/bankonmilwaukee.org\/es\/resources\/showmethemoney-able-accounts-for-people-with-disabilities\/\">\r\n\t\t\t\t\t<img decoding=\"async\" src=\"https:\/\/bankonmilwaukee.org\/wp-content\/uploads\/2024\/01\/able-savings-accounts-people-disabilities.jpg\" alt=\"#ShowMeTheMoney: ABLE Accounts for People with Disabilities\" \/>\r\n\t\t\t\t<\/a>\r\n\t\t\t<\/div>\r\n\t\t\r\n\t\t<h2 class=\"wpspw-post-title\">\r\n\t\t\t<a href=\"https:\/\/bankonmilwaukee.org\/es\/resources\/showmethemoney-able-accounts-for-people-with-disabilities\/\">#ShowMeTheMoney: Cuentas ABLE para personas con discapacidades<\/a>\r\n\t\t<\/h2>\r\n\r\n\t\t\t\t\t<div class=\"wpspw-post-content\">\r\n\t\t\t\t\t\t\t\t\t<div>\r\n\t\t\t\t\t\tLas cuentas ABLE son cuentas de ahorro con ventajas impositivas para personas con discapacidades y sus familias. La Ley ABLE limita la elegibilidad a individuos...\t\t\t\t\t<\/div>\r\n\t\t\t\t\t<a class=\"wpspw-readmorebtn\" href=\"https:\/\/bankonmilwaukee.org\/es\/resources\/showmethemoney-able-accounts-for-people-with-disabilities\/\">Leer m\u00e1s<\/a>\r\n\t\t\t\t\t\t\t<\/div>\r\n\t\t\t<\/div>\r\n<\/div>\r\n<div class=\"wpspw-post-grid wpspw-medium-6 wpspw-columns\">\r\n\t<div class=\"wpspw-post-grid-content\">\r\n\r\n\t\t\t\t\t<div class=\"wpspw-post-image-bg\">\r\n\t\t\t\t<a href=\"https:\/\/bankonmilwaukee.org\/es\/resources\/closing-out-financial-literacy-month-2023\/\">\r\n\t\t\t\t\t<img decoding=\"async\" src=\"https:\/\/bankonmilwaukee.org\/wp-content\/uploads\/2024\/01\/bogm-generic-01.jpg\" alt=\"Closing Out Financial Literacy Month 2023\" \/>\r\n\t\t\t\t<\/a>\r\n\t\t\t<\/div>\r\n\t\t\r\n\t\t<h2 class=\"wpspw-post-title\">\r\n\t\t\t<a href=\"https:\/\/bankonmilwaukee.org\/es\/resources\/closing-out-financial-literacy-month-2023\/\">Cerrando el Mes de la Educaci\u00f3n Financiera 2023<\/a>\r\n\t\t<\/h2>\r\n\r\n\t\t\t\t\t<div class=\"wpspw-post-content\">\r\n\t\t\t\t\t\t\t\t\t<div>\r\n\t\t\t\t\t\tA medida que este mes llega a su fin, es importante recordar que la educaci\u00f3n financiera es un proceso que dura todo el a\u00f1o. De hecho,...\t\t\t\t\t<\/div>\r\n\t\t\t\t\t<a class=\"wpspw-readmorebtn\" href=\"https:\/\/bankonmilwaukee.org\/es\/resources\/closing-out-financial-literacy-month-2023\/\">Leer m\u00e1s<\/a>\r\n\t\t\t\t\t\t\t<\/div>\r\n\t\t\t<\/div>\r\n<\/div>\r\n<div class=\"wpspw-post-grid wpspw-medium-6 wpspw-columns first\">\r\n\t<div class=\"wpspw-post-grid-content\">\r\n\r\n\t\t\t\t\t<div class=\"wpspw-post-image-bg\">\r\n\t\t\t\t<a href=\"https:\/\/bankonmilwaukee.org\/es\/resources\/mswiweek-about-certified-accounts\/\">\r\n\t\t\t\t\t<img decoding=\"async\" src=\"https:\/\/bankonmilwaukee.org\/wp-content\/uploads\/2024\/01\/bogm-generic-01.jpg\" alt=\"#MSWIWeek: About Certified Accounts\" \/>\r\n\t\t\t\t<\/a>\r\n\t\t\t<\/div>\r\n\t\t\r\n\t\t<h2 class=\"wpspw-post-title\">\r\n\t\t\t<a href=\"https:\/\/bankonmilwaukee.org\/es\/resources\/mswiweek-about-certified-accounts\/\">Semana #MSWI: Acerca de las cuentas certificadas<\/a>\r\n\t\t<\/h2>\r\n\r\n\t\t\t\t\t<div class=\"wpspw-post-content\">\r\n\t\t\t\t\t\t\t\t\t<div>\r\n\t\t\t\t\t\tLas cuentas certificadas son productos financieros dise\u00f1ados para ayudar a los consumidores a acceder a productos y servicios bancarios seguros y asequibles. Ellos...\t\t\t\t\t<\/div>\r\n\t\t\t\t\t<a class=\"wpspw-readmorebtn\" href=\"https:\/\/bankonmilwaukee.org\/es\/resources\/mswiweek-about-certified-accounts\/\">Leer m\u00e1s<\/a>\r\n\t\t\t\t\t\t\t<\/div>\r\n\t\t\t<\/div>\r\n<\/div>\r\n<div class=\"wpspw-post-grid wpspw-medium-6 wpspw-columns\">\r\n\t<div class=\"wpspw-post-grid-content\">\r\n\r\n\t\t\t\t\t<div class=\"wpspw-post-image-bg\">\r\n\t\t\t\t<a href=\"https:\/\/bankonmilwaukee.org\/es\/resources\/mswiweek-529-savings-plans-what-they-are-what-to-teach-kids\/\">\r\n\t\t\t\t\t<img decoding=\"async\" src=\"https:\/\/bankonmilwaukee.org\/wp-content\/uploads\/2024\/01\/bogm-generic-01.jpg\" alt=\"#MSWIWeek: 529 Savings Plans: What They Are &#038; What to Teach Kids\" \/>\r\n\t\t\t\t<\/a>\r\n\t\t\t<\/div>\r\n\t\t\r\n\t\t<h2 class=\"wpspw-post-title\">\r\n\t\t\t<a href=\"https:\/\/bankonmilwaukee.org\/es\/resources\/mswiweek-529-savings-plans-what-they-are-what-to-teach-kids\/\">#MSWIWeek: Planes de ahorro 529: qu\u00e9 son y qu\u00e9 ense\u00f1ar a los ni\u00f1os<\/a>\r\n\t\t<\/h2>\r\n\r\n\t\t\t\t\t<div class=\"wpspw-post-content\">\r\n\t\t\t\t\t\t\t\t\t<div>\r\n\t\t\t\t\t\tAhorrar para la educaci\u00f3n superior y la formaci\u00f3n profesional puede ser una tarea desalentadora, pero un plan de ahorro 529 puede ayudar a...\t\t\t\t\t<\/div>\r\n\t\t\t\t\t<a class=\"wpspw-readmorebtn\" href=\"https:\/\/bankonmilwaukee.org\/es\/resources\/mswiweek-529-savings-plans-what-they-are-what-to-teach-kids\/\">Leer m\u00e1s<\/a>\r\n\t\t\t\t\t\t\t<\/div>\r\n\t\t\t<\/div>\r\n<\/div>\r\n<div class=\"wpspw-post-grid wpspw-medium-6 wpspw-columns first\">\r\n\t<div class=\"wpspw-post-grid-content\">\r\n\r\n\t\t\t\t\t<div class=\"wpspw-post-image-bg\">\r\n\t\t\t\t<a href=\"https:\/\/bankonmilwaukee.org\/es\/resources\/10-tips-to-celebrate-financial-literacy-month-and-mswiweek\/\">\r\n\t\t\t\t\t<img decoding=\"async\" src=\"https:\/\/bankonmilwaukee.org\/wp-content\/uploads\/2024\/01\/bogm-generic-01.jpg\" alt=\"10 Tips to Celebrate Financial Literacy Month and #MSWIWeek\" \/>\r\n\t\t\t\t<\/a>\r\n\t\t\t<\/div>\r\n\t\t\r\n\t\t<h2 class=\"wpspw-post-title\">\r\n\t\t\t<a href=\"https:\/\/bankonmilwaukee.org\/es\/resources\/10-tips-to-celebrate-financial-literacy-month-and-mswiweek\/\">Diez consejos para celebrar el Mes de la Educaci\u00f3n Financiera y la Semana #MSWI<\/a>\r\n\t\t<\/h2>\r\n\r\n\t\t\t\t\t<div class=\"wpspw-post-content\">\r\n\t\t\t\t\t\t\t\t\t<div>\r\n\t\t\t\t\t\tAbril es el Mes de la Educaci\u00f3n Financiera, un momento para centrarse en la importancia de la educaci\u00f3n financiera y el papel que desempe\u00f1a...\t\t\t\t\t<\/div>\r\n\t\t\t\t\t<a class=\"wpspw-readmorebtn\" href=\"https:\/\/bankonmilwaukee.org\/es\/resources\/10-tips-to-celebrate-financial-literacy-month-and-mswiweek\/\">Leer m\u00e1s<\/a>\r\n\t\t\t\t\t\t\t<\/div>\r\n\t\t\t<\/div>\r\n<\/div>\r\n<div class=\"wpspw-post-grid wpspw-medium-6 wpspw-columns\">\r\n\t<div class=\"wpspw-post-grid-content\">\r\n\r\n\t\t\t\t\t<div class=\"wpspw-post-image-bg\">\r\n\t\t\t\t<a href=\"https:\/\/bankonmilwaukee.org\/es\/resources\/fdics-new-money-smart-games-a-resource-for-banks-educators\/\">\r\n\t\t\t\t\t<img decoding=\"async\" src=\"https:\/\/bankonmilwaukee.org\/wp-content\/uploads\/2024\/01\/how-money-smart.jpg\" alt=\"FDIC\u2019s new Money Smart games: A resource for Banks &#038; Educators\" \/>\r\n\t\t\t\t<\/a>\r\n\t\t\t<\/div>\r\n\t\t\r\n\t\t<h2 class=\"wpspw-post-title\">\r\n\t\t\t<a href=\"https:\/\/bankonmilwaukee.org\/es\/resources\/fdics-new-money-smart-games-a-resource-for-banks-educators\/\">Los nuevos juegos Money Smart de la FDIC: un recurso para bancos y educadores<\/a>\r\n\t\t<\/h2>\r\n\r\n\t\t\t\t\t<div class=\"wpspw-post-content\">\r\n\t\t\t\t\t\t\t\t\t<div>\r\n\t\t\t\t\t\tPuede que el calor del verano ya est\u00e9 aqu\u00ed, pero el regreso a clases est\u00e1 a la vuelta de la esquina. Bank On Greater Milwaukee quiere...\t\t\t\t\t<\/div>\r\n\t\t\t\t\t<a class=\"wpspw-readmorebtn\" href=\"https:\/\/bankonmilwaukee.org\/es\/resources\/fdics-new-money-smart-games-a-resource-for-banks-educators\/\">Leer m\u00e1s<\/a>\r\n\t\t\t\t\t\t\t<\/div>\r\n\t\t\t<\/div>\r\n<\/div>\r\n<div class=\"wpspw-post-grid wpspw-medium-6 wpspw-columns first\">\r\n\t<div class=\"wpspw-post-grid-content\">\r\n\r\n\t\t\t\t\t<div class=\"wpspw-post-image-bg\">\r\n\t\t\t\t<a href=\"https:\/\/bankonmilwaukee.org\/es\/resources\/financial-literacy-month-book-read\/\">\r\n\t\t\t\t\t<img decoding=\"async\" src=\"https:\/\/bankonmilwaukee.org\/wp-content\/uploads\/2024\/01\/financial-literacy-month-book-read.jpg\" alt=\"Financial Literacy Month Book Read\" \/>\r\n\t\t\t\t<\/a>\r\n\t\t\t<\/div>\r\n\t\t\r\n\t\t<h2 class=\"wpspw-post-title\">\r\n\t\t\t<a href=\"https:\/\/bankonmilwaukee.org\/es\/resources\/financial-literacy-month-book-read\/\">Lectura de libros del Mes de la Educaci\u00f3n Financiera<\/a>\r\n\t\t<\/h2>\r\n\r\n\t\t\t\t\t<div class=\"wpspw-post-content\">\r\n\t\t\t\t\t\t\t\t\t<div>\r\n\t\t\t\t\t\tCada abril, organizaciones de todo el condado celebran el Mes Nacional de la Educaci\u00f3n Financiera organizando eventos y ofreciendo oportunidades que ayudan a personas y familias a establecer...\t\t\t\t\t<\/div>\r\n\t\t\t\t\t<a class=\"wpspw-readmorebtn\" href=\"https:\/\/bankonmilwaukee.org\/es\/resources\/financial-literacy-month-book-read\/\">Leer m\u00e1s<\/a>\r\n\t\t\t\t\t\t\t<\/div>\r\n\t\t\t<\/div>\r\n<\/div>\r\n\t\t\t\t\t<\/div>","protected":false},"excerpt":{"rendered":"","protected":false},"author":1,"featured_media":0,"parent":0,"menu_order":0,"comment_status":"closed","ping_status":"closed","template":"","meta":{"_acf_changed":false,"footnotes":""},"class_list":["post-10","page","type-page","status-publish","hentry"],"acf":[],"_links":{"self":[{"href":"https:\/\/bankonmilwaukee.org\/es\/wp-json\/wp\/v2\/pages\/10","targetHints":{"allow":["GET"]}}],"collection":[{"href":"https:\/\/bankonmilwaukee.org\/es\/wp-json\/wp\/v2\/pages"}],"about":[{"href":"https:\/\/bankonmilwaukee.org\/es\/wp-json\/wp\/v2\/types\/page"}],"author":[{"embeddable":true,"href":"https:\/\/bankonmilwaukee.org\/es\/wp-json\/wp\/v2\/users\/1"}],"replies":[{"embeddable":true,"href":"https:\/\/bankonmilwaukee.org\/es\/wp-json\/wp\/v2\/comments?post=10"}],"version-history":[{"count":10,"href":"https:\/\/bankonmilwaukee.org\/es\/wp-json\/wp\/v2\/pages\/10\/revisions"}],"predecessor-version":[{"id":648,"href":"https:\/\/bankonmilwaukee.org\/es\/wp-json\/wp\/v2\/pages\/10\/revisions\/648"}],"wp:attachment":[{"href":"https:\/\/bankonmilwaukee.org\/es\/wp-json\/wp\/v2\/media?parent=10"}],"curies":[{"name":"gracias","href":"https:\/\/api.w.org\/{rel}","templated":true}]}}