{"id":12,"date":"2023-08-07T08:06:44","date_gmt":"2023-08-07T08:06:44","guid":{"rendered":"https:\/\/bankonmilwaukee.org\/?page_id=12"},"modified":"2024-03-14T22:52:48","modified_gmt":"2024-03-15T03:52:48","slug":"get-involved","status":"publish","type":"page","link":"https:\/\/bankonmilwaukee.org\/es\/get-involved\/","title":{"rendered":"Involucrarse"},"content":{"rendered":"<div class=\"row hidden-sm hidden-xs\" style=\"margin-bottom: 40px; display: flex;\">\n<div class=\"col-sm-4\">\n<div class=\"bogm-resources bogm-resources-left\">\n<h3>\u00danase a nuestra coalici\u00f3n<\/h3>\n<p>\u00a1Juntos podemos crear una comunidad inclusiva y financieramente empoderada! Se invita a las instituciones financieras, agencias gubernamentales y organizaciones comunitarias a unir esfuerzos para desarrollar cuentas accesibles, educaci\u00f3n financiera e iniciativas de divulgaci\u00f3n.<\/p>\n<\/div>\n<p style=\"text-align: center;\"><a class=\"btn btn-default btn-bogm\" role=\"button\" href=\"\/es\/coalition\/\">\u00a1\u00danete a nosotros!<\/a><\/p>\n<\/div>\n<div class=\"col-sm-4\">\n<div class=\"bogm-resources bogm-resources-middle\">\n<h3>Voluntario<\/h3>\n<p>Apoye el trabajo de Bank On participando en eventos de divulgaci\u00f3n, proyectos especiales y seminarios de educaci\u00f3n financiera. \u00a1Comparta sus conocimientos y experiencia convirti\u00e9ndose en voluntario hoy!\n<\/p><\/div>\n<p style=\"text-align: center;\"><a class=\"btn btn-default btn-bogm\" role=\"button\" href=\"\/es\/volunteer\/\">\u00a1Convi\u00e9rtete en voluntario!<\/a><\/p>\n<\/div>\n<div class=\"col-sm-4\">\n<div class=\"bogm-resources bogm-resources-right\">\n<h3>Comit\u00e9s<\/h3>\n<p>Ayude a dar forma a nuestra direcci\u00f3n y prioridades uni\u00e9ndose a un comit\u00e9 o proyecto especial y conozca los \u00faltimos avances en el campo del acceso bancario.\n<\/p><\/div>\n<p style=\"text-align: center;\"><a class=\"btn btn-default btn-bogm\" role=\"button\" href=\"\/es\/committee\/\">Sirve a tu comunidad<\/a><\/p>\n<\/div>\n<\/div>\n<div class=\"row visible-sm visible-xs\" style=\"margin-bottom: 40px;\">\n<div class=\"col-sm-4\">\n<div class=\"bogm-resources bogm-resources-left\">\n<h3>\u00danase a nuestra coalici\u00f3n<\/h3>\n<p>\u00a1Juntos podemos crear una comunidad inclusiva y financieramente empoderada! Se invita a las instituciones financieras, agencias gubernamentales y organizaciones comunitarias a unir esfuerzos para desarrollar cuentas accesibles, educaci\u00f3n financiera e iniciativas de divulgaci\u00f3n.<\/p>\n<\/div>\n<p style=\"text-align: center;\"><a class=\"btn btn-default btn-bogm\" role=\"button\" href=\"\/es\/coalition\/\">\u00a1\u00danete a nosotros!<\/a><\/p>\n<\/div>\n<div class=\"col-sm-4\">\n<div class=\"bogm-resources bogm-resources-middle\">\n<h3>Voluntario<\/h3>\n<p>Apoye el trabajo de Bank On participando en eventos de divulgaci\u00f3n, proyectos especiales y seminarios de educaci\u00f3n financiera. \u00a1Comparta sus conocimientos y experiencia convirti\u00e9ndose en voluntario hoy!\n<\/p><\/div>\n<p style=\"text-align: center;\"><a class=\"btn btn-default btn-bogm\" role=\"button\" href=\"\/es\/volunteer\/\">\u00a1Convi\u00e9rtete en voluntario!<\/a><\/p>\n<\/div>\n<div class=\"col-sm-4\">\n<div class=\"bogm-resources bogm-resources-right\">\n<h3>Comit\u00e9s<\/h3>\n<p>Ayude a dar forma a nuestra direcci\u00f3n y prioridades uni\u00e9ndose a un comit\u00e9 o proyecto especial y conozca los \u00faltimos avances en el campo del acceso bancario.\n<\/p><\/div>\n<p style=\"text-align: center;\"><a class=\"btn btn-default btn-bogm\" role=\"button\" href=\"\/es\/committee\/\">Sirve a tu comunidad<\/a><\/p>\n<\/div>\n<\/div>","protected":false},"excerpt":{"rendered":"<p>\u00danase a nuestra coalici\u00f3n \u00a1Juntos podemos crear una comunidad inclusiva y financieramente empoderada! Se invita a las instituciones financieras, agencias gubernamentales y organizaciones comunitarias a unir esfuerzos para desarrollar cuentas accesibles, educaci\u00f3n financiera e iniciativas de divulgaci\u00f3n. \u00a1\u00danete a nosotros! Sea voluntario Apoye el trabajo de Bank On participando en eventos de divulgaci\u00f3n, proyectos especiales y seminarios de educaci\u00f3n financiera. Compartir \u2026<\/p>","protected":false},"author":1,"featured_media":0,"parent":0,"menu_order":0,"comment_status":"closed","ping_status":"closed","template":"","meta":{"_acf_changed":false,"footnotes":""},"class_list":["post-12","page","type-page","status-publish","hentry"],"acf":[],"_links":{"self":[{"href":"https:\/\/bankonmilwaukee.org\/es\/wp-json\/wp\/v2\/pages\/12","targetHints":{"allow":["GET"]}}],"collection":[{"href":"https:\/\/bankonmilwaukee.org\/es\/wp-json\/wp\/v2\/pages"}],"about":[{"href":"https:\/\/bankonmilwaukee.org\/es\/wp-json\/wp\/v2\/types\/page"}],"author":[{"embeddable":true,"href":"https:\/\/bankonmilwaukee.org\/es\/wp-json\/wp\/v2\/users\/1"}],"replies":[{"embeddable":true,"href":"https:\/\/bankonmilwaukee.org\/es\/wp-json\/wp\/v2\/comments?post=12"}],"version-history":[{"count":21,"href":"https:\/\/bankonmilwaukee.org\/es\/wp-json\/wp\/v2\/pages\/12\/revisions"}],"predecessor-version":[{"id":642,"href":"https:\/\/bankonmilwaukee.org\/es\/wp-json\/wp\/v2\/pages\/12\/revisions\/642"}],"wp:attachment":[{"href":"https:\/\/bankonmilwaukee.org\/es\/wp-json\/wp\/v2\/media?parent=12"}],"curies":[{"name":"gracias","href":"https:\/\/api.w.org\/{rel}","templated":true}]}}