{"id":30,"date":"2023-09-04T18:27:43","date_gmt":"2023-09-04T18:27:43","guid":{"rendered":"https:\/\/bankonmilwaukee.org\/?page_id=30"},"modified":"2024-04-02T08:34:13","modified_gmt":"2024-04-02T13:34:13","slug":"coalition","status":"publish","type":"page","link":"https:\/\/bankonmilwaukee.org\/es\/coalition\/","title":{"rendered":"Coalici\u00f3n"},"content":{"rendered":"<div class=\"row hidden-xs\" style=\"margin-bottom: 0px; display: flex;\">\n<div class=\"col-sm-4\">\n<div class=\"bogm-resources bogm-resources-left\">\n<h3>Instituciones financieras<\/h3>\n<p>Colaborar con BankOn Greater Milwaukee para desarrollar cuentas corrientes y de ahorro accesibles y brindar servicios financieros a personas con barreras para la banca tradicional. \u00danase a nuestra coalici\u00f3n y genere un impacto duradero en la inclusi\u00f3n financiera.<\/p>\n<\/div>\n<\/div>\n<div class=\"col-sm-4\">\n<div class=\"bogm-resources bogm-resources-middle\">\n<h3>Agencias gubernamentales<\/h3>\n<p>\u00danase a la coalici\u00f3n de BankOn Greater Milwaukee como agencia gubernamental asociada para apoyar el desarrollo de servicios financieros accesibles, programas de educaci\u00f3n financiera e iniciativas de extensi\u00f3n. Juntos, podemos empoderar a las personas y crear una comunidad m\u00e1s inclusiva.<\/p>\n<\/div>\n<\/div>\n<div class=\"col-sm-4\">\n<div class=\"bogm-resources bogm-resources-right\">\n<h3>Organizaciones comunitarias<\/h3>\n<p>Sea parte de la coalici\u00f3n de socios de BankOn Greater Milwaukee para contribuir al desarrollo de cuentas accesibles, programas de educaci\u00f3n financiera y esfuerzos de divulgaci\u00f3n. \u00danase a nosotros para lograr un impacto duradero y construir un futuro financiero m\u00e1s s\u00f3lido para las personas necesitadas.<\/p>\n<\/div>\n<\/div>\n<\/div>\n<div class=\"row visible-xs\" style=\"margin-bottom: 0px;\">\n<div class=\"col-sm-4\">\n<div class=\"bogm-resources bogm-resources-left\">\n<h3>Instituciones financieras<\/h3>\n<p>Colaborar con BankOn Greater Milwaukee para desarrollar cuentas corrientes y de ahorro accesibles y brindar servicios financieros a personas con barreras para la banca tradicional. \u00danase a nuestra coalici\u00f3n y genere un impacto duradero en la inclusi\u00f3n financiera.<\/p>\n<\/div>\n<\/div>\n<div class=\"col-sm-4\">\n<div class=\"bogm-resources bogm-resources-middle\">\n<h3>Agencias gubernamentales<\/h3>\n<p>\u00danase a la coalici\u00f3n de BankOn Greater Milwaukee como agencia gubernamental asociada para apoyar el desarrollo de servicios financieros accesibles, programas de educaci\u00f3n financiera e iniciativas de extensi\u00f3n. Juntos, podemos empoderar a las personas y crear una comunidad m\u00e1s inclusiva.<\/p>\n<\/div>\n<\/div>\n<div class=\"col-sm-4\">\n<div class=\"bogm-resources bogm-resources-right\">\n<h3>Organizaciones comunitarias<\/h3>\n<p>Sea parte de la coalici\u00f3n de socios de BankOn Greater Milwaukee para contribuir al desarrollo de cuentas accesibles, programas de educaci\u00f3n financiera y esfuerzos de divulgaci\u00f3n. \u00danase a nosotros para lograr un impacto duradero y construir un futuro financiero m\u00e1s s\u00f3lido para las personas necesitadas.<\/p>\n<\/div>\n<\/div>\n<\/div>\n<p style=\"text-align: center; margin-top: 40px;\"><a class=\"btn btn-default btn-bogm\" style=\"text-align: center;\" role=\"button\" href=\"\/es\/contact-us\/\">Cont\u00e1ctenos<\/a><\/p>","protected":false},"excerpt":{"rendered":"<p>Instituciones financieras colaboran con BankOn Greater Milwaukee para desarrollar cuentas corrientes y de ahorro accesibles y brindar servicios financieros a personas con barreras para la banca tradicional. \u00danase a nuestra coalici\u00f3n y genere un impacto duradero en la inclusi\u00f3n financiera. Agencias gubernamentales \u00danase a la coalici\u00f3n de BankOn Greater Milwaukee como agencia gubernamental asociada para apoyar el desarrollo de servicios financieros accesibles...<\/p>","protected":false},"author":1,"featured_media":0,"parent":0,"menu_order":0,"comment_status":"closed","ping_status":"closed","template":"","meta":{"_acf_changed":false,"footnotes":""},"class_list":["post-30","page","type-page","status-publish","hentry"],"acf":[],"_links":{"self":[{"href":"https:\/\/bankonmilwaukee.org\/es\/wp-json\/wp\/v2\/pages\/30","targetHints":{"allow":["GET"]}}],"collection":[{"href":"https:\/\/bankonmilwaukee.org\/es\/wp-json\/wp\/v2\/pages"}],"about":[{"href":"https:\/\/bankonmilwaukee.org\/es\/wp-json\/wp\/v2\/types\/page"}],"author":[{"embeddable":true,"href":"https:\/\/bankonmilwaukee.org\/es\/wp-json\/wp\/v2\/users\/1"}],"replies":[{"embeddable":true,"href":"https:\/\/bankonmilwaukee.org\/es\/wp-json\/wp\/v2\/comments?post=30"}],"version-history":[{"count":37,"href":"https:\/\/bankonmilwaukee.org\/es\/wp-json\/wp\/v2\/pages\/30\/revisions"}],"predecessor-version":[{"id":729,"href":"https:\/\/bankonmilwaukee.org\/es\/wp-json\/wp\/v2\/pages\/30\/revisions\/729"}],"wp:attachment":[{"href":"https:\/\/bankonmilwaukee.org\/es\/wp-json\/wp\/v2\/media?parent=30"}],"curies":[{"name":"gracias","href":"https:\/\/api.w.org\/{rel}","templated":true}]}}