{"id":305,"date":"2023-09-25T23:56:05","date_gmt":"2023-09-26T04:56:05","guid":{"rendered":"https:\/\/bankonmilwaukee.org\/?page_id=305"},"modified":"2024-04-02T05:54:53","modified_gmt":"2024-04-02T10:54:53","slug":"financial-education","status":"publish","type":"page","link":"https:\/\/bankonmilwaukee.org\/es\/financial-education\/","title":{"rendered":"Educaci\u00f3n financiera"},"content":{"rendered":"<div class=\"sp_wpspwpost_static wpspw-design-1 wpspw-grid-2 wpspw-clearfix\">\r\n\r\n\t\t\t\r\n<div class=\"wpspw-post-grid wpspw-medium-6 wpspw-columns first\">\r\n\t<div class=\"wpspw-post-grid-content\">\r\n\r\n\t\t\t\t\t<div class=\"wpspw-post-image-bg\">\r\n\t\t\t\t<a href=\"https:\/\/bankonmilwaukee.org\/es\/resources\/your-smart-money-resource-guides-free-download\/\">\r\n\t\t\t\t\t<img decoding=\"async\" src=\"https:\/\/bankonmilwaukee.org\/wp-content\/uploads\/2023\/09\/sample-02-1.jpg\" alt=\"Your Smart Money Resource Guides \u2013 FREE Download\" \/>\r\n\t\t\t\t<\/a>\r\n\t\t\t<\/div>\r\n\t\t\r\n\t\t<h2 class=\"wpspw-post-title\">\r\n\t\t\t<a href=\"https:\/\/bankonmilwaukee.org\/es\/resources\/your-smart-money-resource-guides-free-download\/\">Sus gu\u00edas de recursos de Smart Money: descarga GRATUITA<\/a>\r\n\t\t<\/h2>\r\n\r\n\t\t\t\t\t<div class=\"wpspw-post-content\">\r\n\t\t\t\t\t\t\t\t\t<div>\r\n\t\t\t\t\t\tCada a\u00f1o, Bank On Greater Milwaukee actualiza y publica esta Gu\u00eda de recursos para residentes y proveedores de servicios del \u00e1rea de Milwaukee, y distribuye...\t\t\t\t\t<\/div>\r\n\t\t\t\t\t<a class=\"wpspw-readmorebtn\" href=\"https:\/\/bankonmilwaukee.org\/es\/resources\/your-smart-money-resource-guides-free-download\/\">Leer m\u00e1s<\/a>\r\n\t\t\t\t\t\t\t<\/div>\r\n\t\t\t<\/div>\r\n<\/div>\r\n<div class=\"wpspw-post-grid wpspw-medium-6 wpspw-columns\">\r\n\t<div class=\"wpspw-post-grid-content\">\r\n\r\n\t\t\t\t\t<div class=\"wpspw-post-image-bg\">\r\n\t\t\t\t<a href=\"https:\/\/bankonmilwaukee.org\/es\/resources\/closing-out-financial-literacy-month-2023\/\">\r\n\t\t\t\t\t<img decoding=\"async\" src=\"https:\/\/bankonmilwaukee.org\/wp-content\/uploads\/2024\/01\/bogm-generic-01.jpg\" alt=\"Closing Out Financial Literacy Month 2023\" \/>\r\n\t\t\t\t<\/a>\r\n\t\t\t<\/div>\r\n\t\t\r\n\t\t<h2 class=\"wpspw-post-title\">\r\n\t\t\t<a href=\"https:\/\/bankonmilwaukee.org\/es\/resources\/closing-out-financial-literacy-month-2023\/\">Cerrando el Mes de la Educaci\u00f3n Financiera 2023<\/a>\r\n\t\t<\/h2>\r\n\r\n\t\t\t\t\t<div class=\"wpspw-post-content\">\r\n\t\t\t\t\t\t\t\t\t<div>\r\n\t\t\t\t\t\tA medida que este mes llega a su fin, es importante recordar que la educaci\u00f3n financiera es un proceso que dura todo el a\u00f1o. De hecho,...\t\t\t\t\t<\/div>\r\n\t\t\t\t\t<a class=\"wpspw-readmorebtn\" href=\"https:\/\/bankonmilwaukee.org\/es\/resources\/closing-out-financial-literacy-month-2023\/\">Leer m\u00e1s<\/a>\r\n\t\t\t\t\t\t\t<\/div>\r\n\t\t\t<\/div>\r\n<\/div>\r\n<div class=\"wpspw-post-grid wpspw-medium-6 wpspw-columns first\">\r\n\t<div class=\"wpspw-post-grid-content\">\r\n\r\n\t\t\t\t\t<div class=\"wpspw-post-image-bg\">\r\n\t\t\t\t<a href=\"https:\/\/bankonmilwaukee.org\/es\/resources\/mswiweek-about-certified-accounts\/\">\r\n\t\t\t\t\t<img decoding=\"async\" src=\"https:\/\/bankonmilwaukee.org\/wp-content\/uploads\/2024\/01\/bogm-generic-01.jpg\" alt=\"#MSWIWeek: About Certified Accounts\" \/>\r\n\t\t\t\t<\/a>\r\n\t\t\t<\/div>\r\n\t\t\r\n\t\t<h2 class=\"wpspw-post-title\">\r\n\t\t\t<a href=\"https:\/\/bankonmilwaukee.org\/es\/resources\/mswiweek-about-certified-accounts\/\">Semana #MSWI: Acerca de las cuentas certificadas<\/a>\r\n\t\t<\/h2>\r\n\r\n\t\t\t\t\t<div class=\"wpspw-post-content\">\r\n\t\t\t\t\t\t\t\t\t<div>\r\n\t\t\t\t\t\tLas cuentas certificadas son productos financieros dise\u00f1ados para ayudar a los consumidores a acceder a productos y servicios bancarios seguros y asequibles. Ellos...\t\t\t\t\t<\/div>\r\n\t\t\t\t\t<a class=\"wpspw-readmorebtn\" href=\"https:\/\/bankonmilwaukee.org\/es\/resources\/mswiweek-about-certified-accounts\/\">Leer m\u00e1s<\/a>\r\n\t\t\t\t\t\t\t<\/div>\r\n\t\t\t<\/div>\r\n<\/div>\r\n<div class=\"wpspw-post-grid wpspw-medium-6 wpspw-columns\">\r\n\t<div class=\"wpspw-post-grid-content\">\r\n\r\n\t\t\t\t\t<div class=\"wpspw-post-image-bg\">\r\n\t\t\t\t<a href=\"https:\/\/bankonmilwaukee.org\/es\/resources\/mswiweek-529-savings-plans-what-they-are-what-to-teach-kids\/\">\r\n\t\t\t\t\t<img decoding=\"async\" src=\"https:\/\/bankonmilwaukee.org\/wp-content\/uploads\/2024\/01\/bogm-generic-01.jpg\" alt=\"#MSWIWeek: 529 Savings Plans: What They Are &#038; What to Teach Kids\" \/>\r\n\t\t\t\t<\/a>\r\n\t\t\t<\/div>\r\n\t\t\r\n\t\t<h2 class=\"wpspw-post-title\">\r\n\t\t\t<a href=\"https:\/\/bankonmilwaukee.org\/es\/resources\/mswiweek-529-savings-plans-what-they-are-what-to-teach-kids\/\">#MSWIWeek: Planes de ahorro 529: qu\u00e9 son y qu\u00e9 ense\u00f1ar a los ni\u00f1os<\/a>\r\n\t\t<\/h2>\r\n\r\n\t\t\t\t\t<div class=\"wpspw-post-content\">\r\n\t\t\t\t\t\t\t\t\t<div>\r\n\t\t\t\t\t\tAhorrar para la educaci\u00f3n superior y la formaci\u00f3n profesional puede ser una tarea desalentadora, pero un plan de ahorro 529 puede ayudar a...\t\t\t\t\t<\/div>\r\n\t\t\t\t\t<a class=\"wpspw-readmorebtn\" href=\"https:\/\/bankonmilwaukee.org\/es\/resources\/mswiweek-529-savings-plans-what-they-are-what-to-teach-kids\/\">Leer m\u00e1s<\/a>\r\n\t\t\t\t\t\t\t<\/div>\r\n\t\t\t<\/div>\r\n<\/div>\r\n<div class=\"wpspw-post-grid wpspw-medium-6 wpspw-columns first\">\r\n\t<div class=\"wpspw-post-grid-content\">\r\n\r\n\t\t\t\t\t<div class=\"wpspw-post-image-bg\">\r\n\t\t\t\t<a href=\"https:\/\/bankonmilwaukee.org\/es\/resources\/10-tips-to-celebrate-financial-literacy-month-and-mswiweek\/\">\r\n\t\t\t\t\t<img decoding=\"async\" src=\"https:\/\/bankonmilwaukee.org\/wp-content\/uploads\/2024\/01\/bogm-generic-01.jpg\" alt=\"10 Tips to Celebrate Financial Literacy Month and #MSWIWeek\" \/>\r\n\t\t\t\t<\/a>\r\n\t\t\t<\/div>\r\n\t\t\r\n\t\t<h2 class=\"wpspw-post-title\">\r\n\t\t\t<a href=\"https:\/\/bankonmilwaukee.org\/es\/resources\/10-tips-to-celebrate-financial-literacy-month-and-mswiweek\/\">Diez consejos para celebrar el Mes de la Educaci\u00f3n Financiera y la Semana #MSWI<\/a>\r\n\t\t<\/h2>\r\n\r\n\t\t\t\t\t<div class=\"wpspw-post-content\">\r\n\t\t\t\t\t\t\t\t\t<div>\r\n\t\t\t\t\t\tAbril es el Mes de la Educaci\u00f3n Financiera, un momento para centrarse en la importancia de la educaci\u00f3n financiera y el papel que desempe\u00f1a...\t\t\t\t\t<\/div>\r\n\t\t\t\t\t<a class=\"wpspw-readmorebtn\" href=\"https:\/\/bankonmilwaukee.org\/es\/resources\/10-tips-to-celebrate-financial-literacy-month-and-mswiweek\/\">Leer m\u00e1s<\/a>\r\n\t\t\t\t\t\t\t<\/div>\r\n\t\t\t<\/div>\r\n<\/div>\r\n<div class=\"wpspw-post-grid wpspw-medium-6 wpspw-columns\">\r\n\t<div class=\"wpspw-post-grid-content\">\r\n\r\n\t\t\t\t\t<div class=\"wpspw-post-image-bg\">\r\n\t\t\t\t<a href=\"https:\/\/bankonmilwaukee.org\/es\/resources\/fdics-new-money-smart-games-a-resource-for-banks-educators\/\">\r\n\t\t\t\t\t<img decoding=\"async\" src=\"https:\/\/bankonmilwaukee.org\/wp-content\/uploads\/2024\/01\/how-money-smart.jpg\" alt=\"FDIC\u2019s new Money Smart games: A resource for Banks &#038; Educators\" \/>\r\n\t\t\t\t<\/a>\r\n\t\t\t<\/div>\r\n\t\t\r\n\t\t<h2 class=\"wpspw-post-title\">\r\n\t\t\t<a href=\"https:\/\/bankonmilwaukee.org\/es\/resources\/fdics-new-money-smart-games-a-resource-for-banks-educators\/\">Los nuevos juegos Money Smart de la FDIC: un recurso para bancos y educadores<\/a>\r\n\t\t<\/h2>\r\n\r\n\t\t\t\t\t<div class=\"wpspw-post-content\">\r\n\t\t\t\t\t\t\t\t\t<div>\r\n\t\t\t\t\t\tPuede que el calor del verano ya est\u00e9 aqu\u00ed, pero el regreso a clases est\u00e1 a la vuelta de la esquina. Bank On Greater Milwaukee quiere...\t\t\t\t\t<\/div>\r\n\t\t\t\t\t<a class=\"wpspw-readmorebtn\" href=\"https:\/\/bankonmilwaukee.org\/es\/resources\/fdics-new-money-smart-games-a-resource-for-banks-educators\/\">Leer m\u00e1s<\/a>\r\n\t\t\t\t\t\t\t<\/div>\r\n\t\t\t<\/div>\r\n<\/div>\r\n<div class=\"wpspw-post-grid wpspw-medium-6 wpspw-columns first\">\r\n\t<div class=\"wpspw-post-grid-content\">\r\n\r\n\t\t\t\t\t<div class=\"wpspw-post-image-bg\">\r\n\t\t\t\t<a href=\"https:\/\/bankonmilwaukee.org\/es\/resources\/financial-literacy-month-book-read\/\">\r\n\t\t\t\t\t<img decoding=\"async\" src=\"https:\/\/bankonmilwaukee.org\/wp-content\/uploads\/2024\/01\/financial-literacy-month-book-read.jpg\" alt=\"Financial Literacy Month Book Read\" \/>\r\n\t\t\t\t<\/a>\r\n\t\t\t<\/div>\r\n\t\t\r\n\t\t<h2 class=\"wpspw-post-title\">\r\n\t\t\t<a href=\"https:\/\/bankonmilwaukee.org\/es\/resources\/financial-literacy-month-book-read\/\">Lectura de libros del Mes de la Educaci\u00f3n Financiera<\/a>\r\n\t\t<\/h2>\r\n\r\n\t\t\t\t\t<div class=\"wpspw-post-content\">\r\n\t\t\t\t\t\t\t\t\t<div>\r\n\t\t\t\t\t\tCada abril, organizaciones de todo el condado celebran el Mes Nacional de la Educaci\u00f3n Financiera organizando eventos y ofreciendo oportunidades que ayudan a personas y familias a establecer...\t\t\t\t\t<\/div>\r\n\t\t\t\t\t<a class=\"wpspw-readmorebtn\" href=\"https:\/\/bankonmilwaukee.org\/es\/resources\/financial-literacy-month-book-read\/\">Leer m\u00e1s<\/a>\r\n\t\t\t\t\t\t\t<\/div>\r\n\t\t\t<\/div>\r\n<\/div>\r\n\t\t\t\t\t<\/div>","protected":false},"excerpt":{"rendered":"","protected":false},"author":1,"featured_media":0,"parent":0,"menu_order":0,"comment_status":"closed","ping_status":"closed","template":"","meta":{"_acf_changed":false,"footnotes":""},"class_list":["post-305","page","type-page","status-publish","hentry"],"acf":[],"_links":{"self":[{"href":"https:\/\/bankonmilwaukee.org\/es\/wp-json\/wp\/v2\/pages\/305","targetHints":{"allow":["GET"]}}],"collection":[{"href":"https:\/\/bankonmilwaukee.org\/es\/wp-json\/wp\/v2\/pages"}],"about":[{"href":"https:\/\/bankonmilwaukee.org\/es\/wp-json\/wp\/v2\/types\/page"}],"author":[{"embeddable":true,"href":"https:\/\/bankonmilwaukee.org\/es\/wp-json\/wp\/v2\/users\/1"}],"replies":[{"embeddable":true,"href":"https:\/\/bankonmilwaukee.org\/es\/wp-json\/wp\/v2\/comments?post=305"}],"version-history":[{"count":3,"href":"https:\/\/bankonmilwaukee.org\/es\/wp-json\/wp\/v2\/pages\/305\/revisions"}],"predecessor-version":[{"id":705,"href":"https:\/\/bankonmilwaukee.org\/es\/wp-json\/wp\/v2\/pages\/305\/revisions\/705"}],"wp:attachment":[{"href":"https:\/\/bankonmilwaukee.org\/es\/wp-json\/wp\/v2\/media?parent=305"}],"curies":[{"name":"gracias","href":"https:\/\/api.w.org\/{rel}","templated":true}]}}