{"id":307,"date":"2023-09-25T23:56:44","date_gmt":"2023-09-26T04:56:44","guid":{"rendered":"https:\/\/bankonmilwaukee.org\/?page_id=307"},"modified":"2024-04-02T05:55:08","modified_gmt":"2024-04-02T10:55:08","slug":"youth","status":"publish","type":"page","link":"https:\/\/bankonmilwaukee.org\/es\/youth\/","title":{"rendered":"Juventud"},"content":{"rendered":"<div class=\"sp_wpspwpost_static wpspw-design-1 wpspw-grid-2 wpspw-clearfix\">\r\n\r\n\t\t\t\r\n<div class=\"wpspw-post-grid wpspw-medium-6 wpspw-columns first\">\r\n\t<div class=\"wpspw-post-grid-content\">\r\n\r\n\t\t\t\t\t<div class=\"wpspw-post-image-bg\">\r\n\t\t\t\t<a href=\"https:\/\/bankonmilwaukee.org\/es\/resources\/mswiweek-529-savings-plans-what-they-are-what-to-teach-kids\/\">\r\n\t\t\t\t\t<img decoding=\"async\" src=\"https:\/\/bankonmilwaukee.org\/wp-content\/uploads\/2024\/01\/bogm-generic-01.jpg\" alt=\"#MSWIWeek: 529 Savings Plans: What They Are &#038; What to Teach Kids\" \/>\r\n\t\t\t\t<\/a>\r\n\t\t\t<\/div>\r\n\t\t\r\n\t\t<h2 class=\"wpspw-post-title\">\r\n\t\t\t<a href=\"https:\/\/bankonmilwaukee.org\/es\/resources\/mswiweek-529-savings-plans-what-they-are-what-to-teach-kids\/\">#MSWIWeek: Planes de ahorro 529: qu\u00e9 son y qu\u00e9 ense\u00f1ar a los ni\u00f1os<\/a>\r\n\t\t<\/h2>\r\n\r\n\t\t\t\t\t<div class=\"wpspw-post-content\">\r\n\t\t\t\t\t\t\t\t\t<div>\r\n\t\t\t\t\t\tAhorrar para la educaci\u00f3n superior y la formaci\u00f3n profesional puede ser una tarea desalentadora, pero un plan de ahorro 529 puede ayudar a...\t\t\t\t\t<\/div>\r\n\t\t\t\t\t<a class=\"wpspw-readmorebtn\" href=\"https:\/\/bankonmilwaukee.org\/es\/resources\/mswiweek-529-savings-plans-what-they-are-what-to-teach-kids\/\">Leer m\u00e1s<\/a>\r\n\t\t\t\t\t\t\t<\/div>\r\n\t\t\t<\/div>\r\n<\/div>\r\n\t\t\t\t\t<\/div>","protected":false},"excerpt":{"rendered":"","protected":false},"author":1,"featured_media":0,"parent":0,"menu_order":0,"comment_status":"closed","ping_status":"closed","template":"","meta":{"_acf_changed":false,"footnotes":""},"class_list":["post-307","page","type-page","status-publish","hentry"],"acf":[],"_links":{"self":[{"href":"https:\/\/bankonmilwaukee.org\/es\/wp-json\/wp\/v2\/pages\/307","targetHints":{"allow":["GET"]}}],"collection":[{"href":"https:\/\/bankonmilwaukee.org\/es\/wp-json\/wp\/v2\/pages"}],"about":[{"href":"https:\/\/bankonmilwaukee.org\/es\/wp-json\/wp\/v2\/types\/page"}],"author":[{"embeddable":true,"href":"https:\/\/bankonmilwaukee.org\/es\/wp-json\/wp\/v2\/users\/1"}],"replies":[{"embeddable":true,"href":"https:\/\/bankonmilwaukee.org\/es\/wp-json\/wp\/v2\/comments?post=307"}],"version-history":[{"count":3,"href":"https:\/\/bankonmilwaukee.org\/es\/wp-json\/wp\/v2\/pages\/307\/revisions"}],"predecessor-version":[{"id":706,"href":"https:\/\/bankonmilwaukee.org\/es\/wp-json\/wp\/v2\/pages\/307\/revisions\/706"}],"wp:attachment":[{"href":"https:\/\/bankonmilwaukee.org\/es\/wp-json\/wp\/v2\/media?parent=307"}],"curies":[{"name":"gracias","href":"https:\/\/api.w.org\/{rel}","templated":true}]}}