{"id":554,"date":"2024-01-30T00:18:59","date_gmt":"2024-01-30T06:18:59","guid":{"rendered":"https:\/\/bankonmilwaukee.orga\/?page_id=554"},"modified":"2024-04-02T05:55:27","modified_gmt":"2024-04-02T10:55:27","slug":"show-me-the-money-videos","status":"publish","type":"page","link":"https:\/\/bankonmilwaukee.org\/es\/show-me-the-money-videos\/","title":{"rendered":"Mu\u00e9strame los v\u00eddeos de dinero"},"content":{"rendered":"<div class=\"sp_wpspwpost_static wpspw-design-1 wpspw-grid-2 wpspw-clearfix\">\r\n\r\n\t\t\t\r\n<div class=\"wpspw-post-grid wpspw-medium-6 wpspw-columns first\">\r\n\t<div class=\"wpspw-post-grid-content\">\r\n\r\n\t\t\t\t\t<div class=\"wpspw-post-image-bg\">\r\n\t\t\t\t<a href=\"https:\/\/bankonmilwaukee.org\/es\/resources\/show-me-the-money-videos\/showmethemoney-why-you-should-check-your-credit-report\/\">\r\n\t\t\t\t\t<img decoding=\"async\" src=\"https:\/\/bankonmilwaukee.org\/wp-content\/uploads\/2025\/04\/check-your-credit-report.jpg\" alt=\"#ShowMeTheMoney: Why You Should Check Your Credit Report\" \/>\r\n\t\t\t\t<\/a>\r\n\t\t\t<\/div>\r\n\t\t\r\n\t\t<h2 class=\"wpspw-post-title\">\r\n\t\t\t<a href=\"https:\/\/bankonmilwaukee.org\/es\/resources\/show-me-the-money-videos\/showmethemoney-why-you-should-check-your-credit-report\/\">#ShowMeTheMoney: Por qu\u00e9 deber\u00edas revisar tu informe crediticio<\/a>\r\n\t\t<\/h2>\r\n\r\n\t\t\t\t\t<div class=\"wpspw-post-content\">\r\n\t\t\t\t\t\t\t\t\t<div>\r\n\t\t\t\t\t\tEn este video de #ShowMeTheMoney, Terina Hammick de Prime Financial Credit Union comparte por qu\u00e9 es importante verificar su cr\u00e9dito...\t\t\t\t\t<\/div>\r\n\t\t\t\t\t<a class=\"wpspw-readmorebtn\" href=\"https:\/\/bankonmilwaukee.org\/es\/resources\/show-me-the-money-videos\/showmethemoney-why-you-should-check-your-credit-report\/\">Leer m\u00e1s<\/a>\r\n\t\t\t\t\t\t\t<\/div>\r\n\t\t\t<\/div>\r\n<\/div>\r\n<div class=\"wpspw-post-grid wpspw-medium-6 wpspw-columns\">\r\n\t<div class=\"wpspw-post-grid-content\">\r\n\r\n\t\t\t\t\t<div class=\"wpspw-post-image-bg\">\r\n\t\t\t\t<a href=\"https:\/\/bankonmilwaukee.org\/es\/resources\/show-me-the-money-videos\/showmethemoney-why-you-should-have-a-savings-account\/\">\r\n\t\t\t\t\t<img decoding=\"async\" src=\"https:\/\/bankonmilwaukee.org\/wp-content\/uploads\/2025\/04\/why-get-a-savings-accoungt.jpg\" alt=\"#ShowMeTheMoney: Why You Should Have a Savings Account\" \/>\r\n\t\t\t\t<\/a>\r\n\t\t\t<\/div>\r\n\t\t\r\n\t\t<h2 class=\"wpspw-post-title\">\r\n\t\t\t<a href=\"https:\/\/bankonmilwaukee.org\/es\/resources\/show-me-the-money-videos\/showmethemoney-why-you-should-have-a-savings-account\/\">#ShowMeTheMoney: Por qu\u00e9 deber\u00edas tener una cuenta de ahorros<\/a>\r\n\t\t<\/h2>\r\n\r\n\t\t\t\t\t<div class=\"wpspw-post-content\">\r\n\t\t\t\t\t\t\t\t\t<div>\r\n\t\t\t\t\t\tEn este video de #ShowMeTheMoney, Victor Frasier de Educators Credit Union comparte por qu\u00e9 es importante tener una cuenta de ahorros....\t\t\t\t\t<\/div>\r\n\t\t\t\t\t<a class=\"wpspw-readmorebtn\" href=\"https:\/\/bankonmilwaukee.org\/es\/resources\/show-me-the-money-videos\/showmethemoney-why-you-should-have-a-savings-account\/\">Leer m\u00e1s<\/a>\r\n\t\t\t\t\t\t\t<\/div>\r\n\t\t\t<\/div>\r\n<\/div>\r\n<div class=\"wpspw-post-grid wpspw-medium-6 wpspw-columns first\">\r\n\t<div class=\"wpspw-post-grid-content\">\r\n\r\n\t\t\t\t\t<div class=\"wpspw-post-image-bg\">\r\n\t\t\t\t<a href=\"https:\/\/bankonmilwaukee.org\/es\/resources\/show-me-the-money-videos\/showmethemoney-the-importance-of-checking-your-credit-score\/\">\r\n\t\t\t\t\t<img decoding=\"async\" src=\"https:\/\/bankonmilwaukee.org\/wp-content\/uploads\/2025\/04\/check-your-credit-score.jpg\" alt=\"#ShowMeTheMoney: The Importance of Checking Your Credit Score\" \/>\r\n\t\t\t\t<\/a>\r\n\t\t\t<\/div>\r\n\t\t\r\n\t\t<h2 class=\"wpspw-post-title\">\r\n\t\t\t<a href=\"https:\/\/bankonmilwaukee.org\/es\/resources\/show-me-the-money-videos\/showmethemoney-the-importance-of-checking-your-credit-score\/\">#ShowMeTheMoney: La importancia de verificar su puntaje crediticio<\/a>\r\n\t\t<\/h2>\r\n\r\n\t\t\t\t\t<div class=\"wpspw-post-content\">\r\n\t\t\t\t\t\t\t\t\t<div>\r\n\t\t\t\t\t\tEn este video de #ShowMeTheMoney, Coretta Herring explica por qu\u00e9 es importante revisar tu puntaje crediticio regularmente. Sus 3 consejos principales...\t\t\t\t\t<\/div>\r\n\t\t\t\t\t<a class=\"wpspw-readmorebtn\" href=\"https:\/\/bankonmilwaukee.org\/es\/resources\/show-me-the-money-videos\/showmethemoney-the-importance-of-checking-your-credit-score\/\">Leer m\u00e1s<\/a>\r\n\t\t\t\t\t\t\t<\/div>\r\n\t\t\t<\/div>\r\n<\/div>\r\n<div class=\"wpspw-post-grid wpspw-medium-6 wpspw-columns\">\r\n\t<div class=\"wpspw-post-grid-content\">\r\n\r\n\t\t\t\t\t<div class=\"wpspw-post-image-bg\">\r\n\t\t\t\t<a href=\"https:\/\/bankonmilwaukee.org\/es\/resources\/show-me-the-money-videos\/showmethemoney-what-banks-can-do-for-you\/\">\r\n\t\t\t\t\t<img decoding=\"async\" src=\"https:\/\/bankonmilwaukee.org\/wp-content\/uploads\/2025\/04\/what-can-banks-do-for-me-lg.jpg\" alt=\"#ShowMeTheMoney: What Banks Can Do For You\" \/>\r\n\t\t\t\t<\/a>\r\n\t\t\t<\/div>\r\n\t\t\r\n\t\t<h2 class=\"wpspw-post-title\">\r\n\t\t\t<a href=\"https:\/\/bankonmilwaukee.org\/es\/resources\/show-me-the-money-videos\/showmethemoney-what-banks-can-do-for-you\/\">#ShowMeTheMoney: Lo que los bancos pueden hacer por usted<\/a>\r\n\t\t<\/h2>\r\n\r\n\t\t\t\t\t<div class=\"wpspw-post-content\">\r\n\t\t\t\t\t\t\t\t\t<div>\r\n\t\t\t\t\t\tEn este video de #ShowMeTheMoney, Angela Byrd de North Shore Bank comparte algunas de las formas en que los bancos como North Shore...\t\t\t\t\t<\/div>\r\n\t\t\t\t\t<a class=\"wpspw-readmorebtn\" href=\"https:\/\/bankonmilwaukee.org\/es\/resources\/show-me-the-money-videos\/showmethemoney-what-banks-can-do-for-you\/\">Leer m\u00e1s<\/a>\r\n\t\t\t\t\t\t\t<\/div>\r\n\t\t\t<\/div>\r\n<\/div>\r\n<div class=\"wpspw-post-grid wpspw-medium-6 wpspw-columns first\">\r\n\t<div class=\"wpspw-post-grid-content\">\r\n\r\n\t\t\t\t\t<div class=\"wpspw-post-image-bg\">\r\n\t\t\t\t<a href=\"https:\/\/bankonmilwaukee.org\/es\/resources\/showmethemoney-achieve-products-with-bank-five-nine\/\">\r\n\t\t\t\t\t<img decoding=\"async\" src=\"https:\/\/bankonmilwaukee.org\/wp-content\/uploads\/2024\/01\/achieve-banking-products.webp\" alt=\"#ShowMeTheMoney: Achieve Products with Bank Five Nine\" \/>\r\n\t\t\t\t<\/a>\r\n\t\t\t<\/div>\r\n\t\t\r\n\t\t<h2 class=\"wpspw-post-title\">\r\n\t\t\t<a href=\"https:\/\/bankonmilwaukee.org\/es\/resources\/showmethemoney-achieve-products-with-bank-five-nine\/\">#ShowMeTheMoney: Logre productos con Bank Five Nine<\/a>\r\n\t\t<\/h2>\r\n\r\n\t\t\t\t\t<div class=\"wpspw-post-content\">\r\n\t\t\t\t\t\t\t\t\t<div>\r\n\t\t\t\t\t\tAchieve Checking Account La cuenta Achieve de Bank Five Nine es un producto electr\u00f3nico \u00fanico para clientes que buscan establecerse...\t\t\t\t\t<\/div>\r\n\t\t\t\t\t<a class=\"wpspw-readmorebtn\" href=\"https:\/\/bankonmilwaukee.org\/es\/resources\/showmethemoney-achieve-products-with-bank-five-nine\/\">Leer m\u00e1s<\/a>\r\n\t\t\t\t\t\t\t<\/div>\r\n\t\t\t<\/div>\r\n<\/div>\r\n<div class=\"wpspw-post-grid wpspw-medium-6 wpspw-columns\">\r\n\t<div class=\"wpspw-post-grid-content\">\r\n\r\n\t\t\t\t\t<div class=\"wpspw-post-image-bg\">\r\n\t\t\t\t<a href=\"https:\/\/bankonmilwaukee.org\/es\/resources\/showmethemoney-volunteer-income-tax-assistance-vita-program\/\">\r\n\t\t\t\t\t<img decoding=\"async\" src=\"https:\/\/bankonmilwaukee.org\/wp-content\/uploads\/2024\/01\/vita-free-tax-preparation.jpg\" alt=\"#ShowMeTheMoney: Volunteer Income Tax Assistance (VITA) Program\" \/>\r\n\t\t\t\t<\/a>\r\n\t\t\t<\/div>\r\n\t\t\r\n\t\t<h2 class=\"wpspw-post-title\">\r\n\t\t\t<a href=\"https:\/\/bankonmilwaukee.org\/es\/resources\/showmethemoney-volunteer-income-tax-assistance-vita-program\/\">#ShowMeTheMoney: Programa de asistencia voluntaria con el impuesto sobre la renta (VITA)<\/a>\r\n\t\t<\/h2>\r\n\r\n\t\t\t\t\t<div class=\"wpspw-post-content\">\r\n\t\t\t\t\t\t\t\t\t<div>\r\n\t\t\t\t\t\tEl programa de Asistencia Voluntaria para el Impuesto sobre la Renta (VITA, por sus siglas en ingl\u00e9s) del IRS ofrece preparaci\u00f3n b\u00e1sica gratuita de declaraciones de impuestos a personas que califican con ingresos. Si usted...\t\t\t\t\t<\/div>\r\n\t\t\t\t\t<a class=\"wpspw-readmorebtn\" href=\"https:\/\/bankonmilwaukee.org\/es\/resources\/showmethemoney-volunteer-income-tax-assistance-vita-program\/\">Leer m\u00e1s<\/a>\r\n\t\t\t\t\t\t\t<\/div>\r\n\t\t\t<\/div>\r\n<\/div>\r\n<div class=\"wpspw-post-grid wpspw-medium-6 wpspw-columns first\">\r\n\t<div class=\"wpspw-post-grid-content\">\r\n\r\n\t\t\t\t\t<div class=\"wpspw-post-image-bg\">\r\n\t\t\t\t<a href=\"https:\/\/bankonmilwaukee.org\/es\/resources\/showmethemoney-mortgage-rescue-scams\/\">\r\n\t\t\t\t\t<img decoding=\"async\" src=\"https:\/\/bankonmilwaukee.org\/wp-content\/uploads\/2024\/01\/mortgage-rescue-scams.jpg\" alt=\"#ShowMeTheMoney: Mortgage Rescue Scams\" \/>\r\n\t\t\t\t<\/a>\r\n\t\t\t<\/div>\r\n\t\t\r\n\t\t<h2 class=\"wpspw-post-title\">\r\n\t\t\t<a href=\"https:\/\/bankonmilwaukee.org\/es\/resources\/showmethemoney-mortgage-rescue-scams\/\">#ShowMeTheMoney: Estafas de rescate hipotecario<\/a>\r\n\t\t<\/h2>\r\n\r\n\t\t\t\t\t<div class=\"wpspw-post-content\">\r\n\t\t\t\t\t\t\t\t\t<div>\r\n\t\t\t\t\t\t\u00bfSab\u00eda que las leyes estatales y federales proh\u00edben que las personas le cobren por adelantado por ayudar con la prevenci\u00f3n de ejecuciones hipotecarias, o...\t\t\t\t\t<\/div>\r\n\t\t\t\t\t<a class=\"wpspw-readmorebtn\" href=\"https:\/\/bankonmilwaukee.org\/es\/resources\/showmethemoney-mortgage-rescue-scams\/\">Leer m\u00e1s<\/a>\r\n\t\t\t\t\t\t\t<\/div>\r\n\t\t\t<\/div>\r\n<\/div>\r\n<div class=\"wpspw-post-grid wpspw-medium-6 wpspw-columns\">\r\n\t<div class=\"wpspw-post-grid-content\">\r\n\r\n\t\t\t\t\t<div class=\"wpspw-post-image-bg\">\r\n\t\t\t\t<a href=\"https:\/\/bankonmilwaukee.org\/es\/resources\/showmethemoney-credit-basics-resources\/\">\r\n\t\t\t\t\t<img decoding=\"async\" src=\"https:\/\/bankonmilwaukee.org\/wp-content\/uploads\/2024\/01\/credit-questions-answers.jpg\" alt=\"#ShowMeTheMoney: Credit Basics &#038; Resources\" \/>\r\n\t\t\t\t<\/a>\r\n\t\t\t<\/div>\r\n\t\t\r\n\t\t<h2 class=\"wpspw-post-title\">\r\n\t\t\t<a href=\"https:\/\/bankonmilwaukee.org\/es\/resources\/showmethemoney-credit-basics-resources\/\">#ShowMeTheMoney: Conceptos b\u00e1sicos y recursos de cr\u00e9dito<\/a>\r\n\t\t<\/h2>\r\n\r\n\t\t\t\t\t<div class=\"wpspw-post-content\">\r\n\t\t\t\t\t\t\t\t\t<div>\r\n\t\t\t\t\t\tEl cr\u00e9dito es dinero que se pide prestado y se paga con intereses a lo largo del tiempo. Su historial crediticio es un registro de...\t\t\t\t\t<\/div>\r\n\t\t\t\t\t<a class=\"wpspw-readmorebtn\" href=\"https:\/\/bankonmilwaukee.org\/es\/resources\/showmethemoney-credit-basics-resources\/\">Leer m\u00e1s<\/a>\r\n\t\t\t\t\t\t\t<\/div>\r\n\t\t\t<\/div>\r\n<\/div>\r\n<div class=\"wpspw-post-grid wpspw-medium-6 wpspw-columns first\">\r\n\t<div class=\"wpspw-post-grid-content\">\r\n\r\n\t\t\t\t\t<div class=\"wpspw-post-image-bg\">\r\n\t\t\t\t<a href=\"https:\/\/bankonmilwaukee.org\/es\/resources\/showmethemoney-able-accounts-for-people-with-disabilities\/\">\r\n\t\t\t\t\t<img decoding=\"async\" src=\"https:\/\/bankonmilwaukee.org\/wp-content\/uploads\/2024\/01\/able-savings-accounts-people-disabilities.jpg\" alt=\"#ShowMeTheMoney: ABLE Accounts for People with Disabilities\" \/>\r\n\t\t\t\t<\/a>\r\n\t\t\t<\/div>\r\n\t\t\r\n\t\t<h2 class=\"wpspw-post-title\">\r\n\t\t\t<a href=\"https:\/\/bankonmilwaukee.org\/es\/resources\/showmethemoney-able-accounts-for-people-with-disabilities\/\">#ShowMeTheMoney: Cuentas ABLE para personas con discapacidades<\/a>\r\n\t\t<\/h2>\r\n\r\n\t\t\t\t\t<div class=\"wpspw-post-content\">\r\n\t\t\t\t\t\t\t\t\t<div>\r\n\t\t\t\t\t\tLas cuentas ABLE son cuentas de ahorro con ventajas impositivas para personas con discapacidades y sus familias. La Ley ABLE limita la elegibilidad a individuos...\t\t\t\t\t<\/div>\r\n\t\t\t\t\t<a class=\"wpspw-readmorebtn\" href=\"https:\/\/bankonmilwaukee.org\/es\/resources\/showmethemoney-able-accounts-for-people-with-disabilities\/\">Leer m\u00e1s<\/a>\r\n\t\t\t\t\t\t\t<\/div>\r\n\t\t\t<\/div>\r\n<\/div>\r\n\t\t\t\t\t<\/div>","protected":false},"excerpt":{"rendered":"","protected":false},"author":1,"featured_media":0,"parent":0,"menu_order":0,"comment_status":"closed","ping_status":"closed","template":"","meta":{"_acf_changed":false,"footnotes":""},"class_list":["post-554","page","type-page","status-publish","hentry"],"acf":[],"_links":{"self":[{"href":"https:\/\/bankonmilwaukee.org\/es\/wp-json\/wp\/v2\/pages\/554","targetHints":{"allow":["GET"]}}],"collection":[{"href":"https:\/\/bankonmilwaukee.org\/es\/wp-json\/wp\/v2\/pages"}],"about":[{"href":"https:\/\/bankonmilwaukee.org\/es\/wp-json\/wp\/v2\/types\/page"}],"author":[{"embeddable":true,"href":"https:\/\/bankonmilwaukee.org\/es\/wp-json\/wp\/v2\/users\/1"}],"replies":[{"embeddable":true,"href":"https:\/\/bankonmilwaukee.org\/es\/wp-json\/wp\/v2\/comments?post=554"}],"version-history":[{"count":2,"href":"https:\/\/bankonmilwaukee.org\/es\/wp-json\/wp\/v2\/pages\/554\/revisions"}],"predecessor-version":[{"id":707,"href":"https:\/\/bankonmilwaukee.org\/es\/wp-json\/wp\/v2\/pages\/554\/revisions\/707"}],"wp:attachment":[{"href":"https:\/\/bankonmilwaukee.org\/es\/wp-json\/wp\/v2\/media?parent=554"}],"curies":[{"name":"gracias","href":"https:\/\/api.w.org\/{rel}","templated":true}]}}