{"id":598,"date":"2024-02-07T22:19:56","date_gmt":"2024-02-08T04:19:56","guid":{"rendered":"https:\/\/bankonmilwaukee.orga\/?page_id=598"},"modified":"2025-01-29T01:36:26","modified_gmt":"2025-01-29T07:36:26","slug":"about-us","status":"publish","type":"page","link":"https:\/\/bankonmilwaukee.org\/es\/about-us\/","title":{"rendered":"Sobre nosotros"},"content":{"rendered":"<div class=\"row\" style=\"margin-top: 150px;\">\n<div class=\"col-sm-10 col-sm-offset-1\">\n<h2>Nuestra misi\u00f3n<\/h2>\n<p class=\"is-style-p3-font-styles\">Nuestros miembros ofrecen servicios y recursos educativos que ayudan a empoderar a las personas y familias para mejorar su capacidad financiera, su salud y su independencia.<\/p>\n<p class=\"is-style-p3-font-styles\">Es importante que los residentes tengan acceso a recursos que ayuden a sentar una base s\u00f3lida para el empoderamiento bancario y financiero. Nuestra coalici\u00f3n est\u00e1 particularmente enfocada en ayudar a los j\u00f3venes, quienes buscan empleo por primera vez y familias con discapacidades a acceder a servicios financieros.<\/p>\n<h2 style=\"margin-top: 50px;\">Nuestra historia<\/h2>\n<p class=\"is-style-p3-font-styles\">Iniciado en 2018, Bank On Greater Milwaukee ayuda a conectar a los consumidores con productos bancarios seguros y asequibles certificados como cumpliendo <a href=\"http:\/\/joinbankon.org\/wp-content\/uploads\/2018\/12\/BankOn_Standards_2019-2020.pdf\">el Banco sobre Est\u00e1ndares de Cuentas Nacionales del Fondo de Ciudades para el Empoderamiento Financiero<\/a>. Con la asistencia del Fondo CFE, la Alianza de Inclusi\u00f3n Econ\u00f3mica de Milwaukee, financiadores locales y m\u00e1s de 30 socios de los sectores privado, p\u00fablico y sin fines de lucro, la Asociaci\u00f3n de Desarrollo Econ\u00f3mico Urbano de Wisconsin (UEDA) form\u00f3 un grupo de trabajo de Bank On a fines de 2017 para identificar estrategias para aumentar los esfuerzos de colaboraci\u00f3n que podr\u00edan conectar a los consumidores con los principales servicios y productos financieros.<\/p>\n<p class=\"is-style-p3-font-styles\">UEDA act\u00faa como agencia convocante de Bank On Greater Milwaukee. Un director de programa trabaja con un equipo de liderazgo para brindar orientaci\u00f3n y apoyo al trabajo. Los miembros de la coalici\u00f3n se re\u00fanen peri\u00f3dicamente para identificar puntos de colaboraci\u00f3n, oportunidades de participaci\u00f3n comunitaria, compartir mejores pr\u00e1cticas y desarrollar ideas innovadoras.<\/p>\n<h2 style=\"margin-top: 50px;\">Conozca a nuestro equipo<\/h2>\n<p>La Asociaci\u00f3n de Desarrollo Econ\u00f3mico Urbano de Wisconsin (UEDA) act\u00faa como agencia convocante de Bank On Greater Milwaukee (BOGM). UEDA se centra en esfuerzos de desarrollo comunitario y econ\u00f3mico que ayudan a apoyar comunidades urbanas pr\u00f3speras. Servimos como intermediario que trabaja en colaboraci\u00f3n con partes interesadas de todos los sectores en temas como la inclusi\u00f3n financiera, la vivienda asequible y el desarrollo de capacidades. Conozca m\u00e1s sobre UEDA <a href=\"https:\/\/www.uedawi.org\/\" target=\"_blank\" rel=\"noopener\">aqu\u00ed<\/a>.<\/p>\n<p>Junto con los miembros de la coalici\u00f3n BOGM, el director del programa Bank On de UEDA trabaja con un equipo de liderazgo para brindar orientaci\u00f3n y apoyo al trabajo de Bank On en nuestra comunidad.<\/p>\n<h4><strong>Constance Alberts, directora del programa Bank On Greater Milwaukee<\/strong><\/h4>\n<p>Constance ha estado en UEDA desde septiembre de 2018, trabajando para apoyar el crecimiento de Bank On en la comunidad. Tiene amplia experiencia en la creaci\u00f3n y gesti\u00f3n de programas de educaci\u00f3n financiera en el sector sin fines de lucro, como asesora de cr\u00e9dito, gerente de asesoramiento sobre propiedad de vivienda, preparadora de impuestos senior voluntaria y oficial de pr\u00e9stamos hipotecarios asequibles. En 2021, se le pidi\u00f3 a Constance que formara parte del Consejo sobre Educaci\u00f3n y Capacidad Financiera del gobernador de Wisconsin, Tony Evers.<\/p>\n<h4><strong>Equipo de liderazgo de Bank On Greater Milwaukee<\/strong><\/h4>\n<table style=\"height: 289px; width: 100%; border-collapse: collapse;\">\n<tbody>\n<tr style=\"height: 100px;\">\n<td style=\"width: 50%; height: 71px;\"><strong>Pamela Bell<\/strong><br \/>\nEjecutivo de cooperativa de cr\u00e9dito<br \/>\nCooperativa de cr\u00e9dito federal de autoayuda<\/td>\n<td style=\"width: 50%; height: 71px;\"><strong>Jamie De Jes\u00fas Sr.<\/strong><br \/>\nInstructor de MSSC\/Instructor asistente de educaci\u00f3n<br \/>\nInstituto IES<\/td>\n<\/tr>\n<tr style=\"height: 100px;\">\n<td style=\"width: 50%; height: 21px;\"><strong>Dan Krohn <\/strong><br \/>\nGerente de Alianzas Comunitarias<br \/>\nTMGWisconsin<\/td>\n<td style=\"width: 50%; height: 71px;\"><strong>Anne Furey<\/strong><br \/>\nDirector general<br \/>\nBanco CIBC EE. UU.<\/td>\n<\/tr>\n<tr style=\"height: 100px;\">\n<td style=\"width: 50%; height: 21px;\"><strong>Elizabeth Luckett<\/strong><br \/>\nEjecutivo\/Autor<br \/>\nPalabra de Esperanza\/X-Pressly Hablando<\/td>\n<td style=\"width: 50%; height: 21px;\"><strong>Kyrstina Kohler<\/strong><br \/>\nGerente de Portafolio de Estabilidad Financiera<br \/>\nUnited Way de Greater Milwaukee y Waukesha Co.<\/td>\n<\/tr>\n<tr style=\"height: 100px;\">\n<td style=\"width: 50%; height: 21px;\"><strong>Heather MacKinnon<\/strong><br \/>\nVicepresidente Jur\u00eddico<br \/>\nAsociaci\u00f3n de banqueros de Wisconsin<\/td>\n<td style=\"width: 50%; height: 21px;\"><strong>Jeff Langkamp<\/strong><br \/>\nDirector de Cumplimiento, Vicepresidente s\u00e9nior<br \/>\nBanco cinco nueve<\/td>\n<\/tr>\n<tr style=\"height: 100px;\">\n<td style=\"width: 50%; height: 21px;\"><strong>Rick Beutler<\/strong><br \/>\nVicepresidente de Banca de Consumo<br \/>\nPrimer Banco Federal de Wisconsin<\/td>\n<td style=\"width: 50%; height: 21px;\"><strong>Kristi Luzar<\/strong><br \/>\nDirector ejecutivo<br \/>\nUEDA<\/td>\n<\/tr>\n<tr style=\"height: 100px;\">\n<td style=\"width: 50%; height: 21px;\"><strong>Kristen Ruhl<\/strong><br \/>\nVicepresidente de Programas<br \/>\nFuturos seguros<\/td>\n<td style=\"width: 50%; height: 21px;\"><strong>carolina maria<\/strong><br \/>\nEspecialista en Asuntos Comunitarios, FDIC<br \/>\nDivisi\u00f3n de Protecci\u00f3n al Depositante y al Consumidor<\/td>\n<\/tr>\n<tr style=\"height: 100px;\">\n<td style=\"width: 50%; height: 21px;\"><strong>Brittany Thome<\/strong><br \/>\nGerente de Empoderamiento Financiero<br \/>\nInstituto Nacional de Discapacidad<\/td>\n<td style=\"width: 50%; height: 21px;\"><\/td>\n<\/tr>\n<\/tbody>\n<\/table>\n<p>&nbsp;<\/p>\n<p>BOGM es parte de un esfuerzo nacional de colaboraci\u00f3n que incluye el Fondo Cities For Financial Empowerment (CFE), la Asociaci\u00f3n Estadounidense de Banqueros, la Corporaci\u00f3n Federal de Seguro de Dep\u00f3sitos (FDIC), la Reserva Federal, bancos comunitarios, grandes bancos, cooperativas de cr\u00e9dito y organizaciones comunitarias para garantizar que todos tengan acceso a productos y servicios financieros seguros y asequibles.<\/p>\n<p>Los miembros de la coalici\u00f3n se re\u00fanen peri\u00f3dicamente para identificar puntos de colaboraci\u00f3n, oportunidades de participaci\u00f3n comunitaria, compartir mejores pr\u00e1cticas y desarrollar ideas innovadoras. Ver una lista actual de miembros de BOGM <a href=\"https:\/\/bankonmilwaukee.org\/wp-content\/uploads\/2025\/01\/bogm-members-list-2025.pdf\">aqu\u00ed<\/a>.<\/p>\n<p style=\"margin-top: 40px;\"><a class=\"btn btn-default btn-bogm\" style=\"text-align: center;\" role=\"button\" href=\"\/es\/contact-us\/\">Cont\u00e1ctenos<\/a><\/p>\n<h2 style=\"margin-top: 50px;\">El banco en movimiento<\/h2>\n<p>Bank On Greater Milwaukee se enorgullece de ser parte del movimiento nacional Bank On, compuesto por m\u00e1s de 100 coaliciones locales similares en todo el pa\u00eds.<\/p>\n<p>El Fondo de Ciudades para el Empoderamiento Financiero (Fondo CFE), una organizaci\u00f3n sin fines de lucro, es el socio nacional de las coaliciones locales de Bank On, y apoya los esfuerzos locales a trav\u00e9s de recursos como los Est\u00e1ndares de Cuentas Nacionales de Bank On y la certificaci\u00f3n adjunta, apoyo de subvenciones para desarrollar la capacidad de la coalici\u00f3n local y una s\u00f3lida comunidad de aprendizaje. . El Fondo CFE tambi\u00e9n trabaja para dar voz a las experiencias de las coaliciones locales informando tanto la pol\u00edtica regulatoria federal como las pr\u00e1cticas de las instituciones financieras.<\/p>\n<p>Bank On Greater Milwaukee (BOGM) es parte de un esfuerzo nacional de colaboraci\u00f3n que incluye el Fondo Cities For Financial Empowerment (CFE), la Asociaci\u00f3n Estadounidense de Banqueros, la Corporaci\u00f3n Federal de Seguros de Dep\u00f3sitos (FDIC), la Reserva Federal, bancos comunitarios, grandes bancos, cooperativas de cr\u00e9dito y organizaciones comunitarias para disminuir el n\u00famero de personas no bancarizadas o insuficientemente bancarizadas en nuestra comunidad.<\/p>\n<p>Este esfuerzo se logra a nivel local gracias al trabajo de nuestros Miembros a continuaci\u00f3n, cuyos objetivos son garantizar que todos tengan acceso a productos y servicios financieros seguros y asequibles.<\/p>\n<p style=\"margin-top: 40px;\"><a class=\"btn btn-default btn-bogm\" style=\"text-align: center;\" role=\"button\" href=\"\/es\/get-involved\/\">Involucrarse<\/a><\/p>\n<p>&nbsp;<\/p>\n<\/div>\n<\/div>","protected":false},"excerpt":{"rendered":"<p>Nuestra misi\u00f3n Nuestros miembros ofrecen servicios y recursos educativos que ayudan a capacitar a las personas y familias para mejorar su capacidad financiera, su salud y su independencia. Es importante que los residentes tengan acceso a recursos que ayuden a sentar una base s\u00f3lida para el empoderamiento bancario y financiero. Nuestra coalici\u00f3n est\u00e1 particularmente enfocada en ayudar a los j\u00f3venes, quienes buscan empleo por primera vez y...<\/p>","protected":false},"author":1,"featured_media":0,"parent":0,"menu_order":0,"comment_status":"closed","ping_status":"closed","template":"","meta":{"_acf_changed":false,"footnotes":""},"class_list":["post-598","page","type-page","status-publish","hentry"],"acf":[],"_links":{"self":[{"href":"https:\/\/bankonmilwaukee.org\/es\/wp-json\/wp\/v2\/pages\/598","targetHints":{"allow":["GET"]}}],"collection":[{"href":"https:\/\/bankonmilwaukee.org\/es\/wp-json\/wp\/v2\/pages"}],"about":[{"href":"https:\/\/bankonmilwaukee.org\/es\/wp-json\/wp\/v2\/types\/page"}],"author":[{"embeddable":true,"href":"https:\/\/bankonmilwaukee.org\/es\/wp-json\/wp\/v2\/users\/1"}],"replies":[{"embeddable":true,"href":"https:\/\/bankonmilwaukee.org\/es\/wp-json\/wp\/v2\/comments?post=598"}],"version-history":[{"count":39,"href":"https:\/\/bankonmilwaukee.org\/es\/wp-json\/wp\/v2\/pages\/598\/revisions"}],"predecessor-version":[{"id":800,"href":"https:\/\/bankonmilwaukee.org\/es\/wp-json\/wp\/v2\/pages\/598\/revisions\/800"}],"wp:attachment":[{"href":"https:\/\/bankonmilwaukee.org\/es\/wp-json\/wp\/v2\/media?parent=598"}],"curies":[{"name":"gracias","href":"https:\/\/api.w.org\/{rel}","templated":true}]}}