{"id":694,"date":"2024-04-02T00:05:39","date_gmt":"2024-04-02T05:05:39","guid":{"rendered":"https:\/\/bankonmilwaukee.org\/?page_id=694"},"modified":"2024-04-02T00:05:39","modified_gmt":"2024-04-02T05:05:39","slug":"sitemap","status":"publish","type":"page","link":"https:\/\/bankonmilwaukee.org\/es\/sitemap\/","title":{"rendered":"Mapa del sitio"},"content":{"rendered":"<div class=\"wsp-container\"><h2 class=\"wsp-pages-title\">paginas<\/h2>\n<ul class=\"wsp-pages-list\">\n<li class=\"page_item page-item-598\"><a href=\"https:\/\/bankonmilwaukee.org\/es\/about-us\/\">Sobre nosotros<\/a><\/li>\n<li class=\"page_item page-item-299\"><a href=\"https:\/\/bankonmilwaukee.org\/es\/bankon-accounts\/\">Cuentas BankOn<\/a><\/li>\n<li class=\"page_item page-item-89\"><a href=\"https:\/\/bankonmilwaukee.org\/es\/cart\/\">Carro<\/a><\/li>\n<li class=\"page_item page-item-309\"><a href=\"https:\/\/bankonmilwaukee.org\/es\/certified-accounts\/\">Cuentas certificadas<\/a><\/li>\n<li class=\"page_item page-item-90\"><a href=\"https:\/\/bankonmilwaukee.org\/es\/checkout\/\">Verificar<\/a><\/li>\n<li class=\"page_item page-item-30\"><a href=\"https:\/\/bankonmilwaukee.org\/es\/coalition\/\">Coalici\u00f3n<\/a><\/li>\n<li class=\"page_item page-item-351\"><a href=\"https:\/\/bankonmilwaukee.org\/es\/committee\/\">Comit\u00e9<\/a><\/li>\n<li class=\"page_item page-item-161\"><a href=\"https:\/\/bankonmilwaukee.org\/es\/compare\/\">Comparar productos<\/a><\/li>\n<li class=\"page_item page-item-20\"><a href=\"https:\/\/bankonmilwaukee.org\/es\/contact-us\/\">Cont\u00e1ctenos<\/a><\/li>\n<li class=\"page_item page-item-24\"><a href=\"https:\/\/bankonmilwaukee.org\/es\/\">Explore sus opciones:<\/a><\/li>\n<li class=\"page_item page-item-305\"><a href=\"https:\/\/bankonmilwaukee.org\/es\/financial-education\/\">Educaci\u00f3n financiera<\/a><\/li>\n<li class=\"page_item page-item-12\"><a href=\"https:\/\/bankonmilwaukee.org\/es\/get-involved\/\">Involucrarse<\/a><\/li>\n<li class=\"page_item page-item-297\"><a href=\"https:\/\/bankonmilwaukee.org\/es\/local-events\/\">Eventos locales<\/a><\/li>\n<li class=\"page_item page-item-91\"><a href=\"https:\/\/bankonmilwaukee.org\/es\/my-account\/\">Mi cuenta<\/a><\/li>\n<li class=\"page_item page-item-8\"><a href=\"https:\/\/bankonmilwaukee.org\/es\/news\/\">Noticias<\/a><\/li>\n<li class=\"page_item page-item-295\"><a href=\"https:\/\/bankonmilwaukee.org\/es\/press-releases\/\">Comunicados de prensa<\/a><\/li>\n<li class=\"page_item page-item-3\"><a href=\"https:\/\/bankonmilwaukee.org\/es\/privacy\/\">pol\u00edtica de privacidad<\/a><\/li>\n<li class=\"page_item page-item-6\"><a href=\"https:\/\/bankonmilwaukee.org\/es\/products\/\">Productos<\/a><\/li>\n<li class=\"page_item page-item-575\"><a href=\"https:\/\/bankonmilwaukee.org\/es\/register-as-a-volunteer-bike-giveaway\/\">Reg\u00edstrate como Voluntario \u2013 Sorteo de Bicicletas<\/a><\/li>\n<li class=\"page_item page-item-589\"><a href=\"https:\/\/bankonmilwaukee.org\/es\/register-as-a-volunteer-bronzeville-arts-cultural-fest\/\">Reg\u00edstrese como voluntario - Festival art\u00edstico y cultural de Bronzeville<\/a><\/li>\n<li class=\"page_item page-item-595\"><a href=\"https:\/\/bankonmilwaukee.org\/es\/register-as-a-volunteer-housing-fair\/\">Reg\u00edstrate como Voluntario \u2013 Feria de Vivienda<\/a><\/li>\n<li class=\"page_item page-item-586\"><a href=\"https:\/\/bankonmilwaukee.org\/es\/register-as-a-volunteer-juneteenth-festival\/\">Reg\u00edstrese como voluntario \u2013 Festival Juneteenth<\/a><\/li>\n<li class=\"page_item page-item-593\"><a href=\"https:\/\/bankonmilwaukee.org\/es\/register-as-a-volunteer-latino-family-expo\/\">Reg\u00edstrese como voluntario \u2013 Expo Familiar Latina<\/a><\/li>\n<li class=\"page_item page-item-591\"><a href=\"https:\/\/bankonmilwaukee.org\/es\/register-as-a-volunteer-silver-city-international-festival\/\">Reg\u00edstrese como voluntario \u2013 Festival InterNacional de Silver City<\/a><\/li>\n<li class=\"page_item page-item-10\"><a href=\"https:\/\/bankonmilwaukee.org\/es\/resources\/\">Recursos<\/a><\/li>\n<li class=\"page_item page-item-2\"><a href=\"https:\/\/bankonmilwaukee.org\/es\/sample-page\/\">P\u00e1gina de Ejemplo<\/a><\/li>\n<li class=\"page_item page-item-88\"><a href=\"https:\/\/bankonmilwaukee.org\/es\/shop\/\">Comercio<\/a><\/li>\n<li class=\"page_item page-item-554\"><a href=\"https:\/\/bankonmilwaukee.org\/es\/show-me-the-money-videos\/\">Mu\u00e9strame los v\u00eddeos de dinero<\/a><\/li>\n<li class=\"page_item page-item-694\"><a href=\"https:\/\/bankonmilwaukee.org\/es\/sitemap\/\">Mapa del sitio<\/a><\/li>\n<li class=\"page_item page-item-698\"><a href=\"https:\/\/bankonmilwaukee.org\/es\/terms\/\">T\u00e9rminos y condiciones de uso<\/a><\/li>\n<li class=\"page_item page-item-32\"><a href=\"https:\/\/bankonmilwaukee.org\/es\/volunteer\/\">Voluntario<\/a><\/li>\n<li class=\"page_item page-item-307\"><a href=\"https:\/\/bankonmilwaukee.org\/es\/youth\/\">Juventud<\/a><\/li>\n<\/ul>\n<h2 class=\"wsp-posts-title\">Publicaciones por categor\u00eda<\/h2>\n<ul class=\"wsp-posts-list\">\n\t<li><strong class=\"wsp-category-title\">Categor\u00eda: <a href=\"https:\/\/bankonmilwaukee.org\/es\/category\/news\/\">Noticias<\/a><\/strong>\n<ul class=\"wsp-posts-list\">\t\t<li class=\"wsp-post\"><a href=\"https:\/\/bankonmilwaukee.org\/es\/news\/financial-inclusion-map-a-tool-to-access-safe-affordable-banking\/\">Mapa de Inclusi\u00f3n Financiera: Una herramienta para acceder a una banca segura y asequible<\/a><\/li>\n\t\t<li class=\"wsp-post\"><a href=\"https:\/\/bankonmilwaukee.org\/es\/news\/celebrating-4-years-of-promoting-banking-access-in-our-community\/\">\u00a1Celebrando m\u00e1s de 4 a\u00f1os promoviendo el acceso bancario en nuestra comunidad!<\/a><\/li>\n\t\t<li class=\"wsp-post\"><a href=\"https:\/\/bankonmilwaukee.org\/es\/news\/bank-on-announces-the-2022-champions\/\">\u00a1Bank On anuncia los campeones de 2022!<\/a><\/li>\n\t\t<li class=\"wsp-post\"><a href=\"https:\/\/bankonmilwaukee.org\/es\/news\/bogm-celebrates-2-years-2021-coalition-champions\/\">BOGM celebra los campeones de la coalici\u00f3n de 2 a\u00f1os y 2021<\/a><\/li>\n\t\t<li class=\"wsp-post\"><a href=\"https:\/\/bankonmilwaukee.org\/es\/news\/cfe-fund-announces-more-than-100-bank-on-certified-accounts\/\">Fondo CFE anuncia m\u00e1s de 100 bancos en cuentas certificadas<\/a><\/li>\n\t\t<li class=\"wsp-post\"><a href=\"https:\/\/bankonmilwaukee.org\/es\/news\/the-urban-economic-development-association-of-wisconsin-launches-bank-on-greater-milwaukee-coalition-to-ensure-all-milwaukee-area-households-have-access-to-safe-and-affordable-banking-products-and-ser\/\">La Asociaci\u00f3n de Desarrollo Econ\u00f3mico Urbano de Wisconsin lanza la coalici\u00f3n Bank On Greater Milwaukee para garantizar que todos los hogares del \u00e1rea de Milwaukee tengan acceso a productos y servicios bancarios seguros y asequibles.<\/a><\/li>\n\t<li><strong class=\"wsp-category-title\">Categor\u00eda: <a href=\"https:\/\/bankonmilwaukee.org\/es\/category\/news\/bankon-accounts\/\">Cuentas BankOn<\/a><\/strong>\n<ul class=\"wsp-posts-list\">\t\t<li class=\"wsp-post\"><a href=\"https:\/\/bankonmilwaukee.org\/es\/news\/bank-on-national-account-standards-2023-2024\/\">Banco sobre est\u00e1ndares de cuentas nacionales (2023-2024)<\/a><\/li>\n\t\t<li class=\"wsp-post\"><a href=\"https:\/\/bankonmilwaukee.org\/es\/news\/bank-on-greater-milwaukee-joins-jill-economo-on-milwaukees-philanthropic-community\/\">Bank On Greater Milwaukee se une a Jill Economo en \u201cLa comunidad filantr\u00f3pica de Milwaukee\u201d<\/a><\/li>\n\t\t<li class=\"wsp-post\"><a href=\"https:\/\/bankonmilwaukee.org\/es\/news\/bank-on-greater-milwaukee-on-thats-so-money\/\">Bank On Greater Milwaukee en &quot;That&#039;s So Money&quot;<\/a><\/li>\n<\/ul><\/li>\n\t<li><strong class=\"wsp-category-title\">Categor\u00eda: <a href=\"https:\/\/bankonmilwaukee.org\/es\/category\/news\/local-events\/\">Eventos locales<\/a><\/strong>\n<ul class=\"wsp-posts-list\">\t\t<li class=\"wsp-post\"><a href=\"https:\/\/bankonmilwaukee.org\/es\/news\/bank-on-greater-milwaukee-celebrates-financial-literacy-month-and-is-recognized\/\">\u00a1Bank On Greater Milwaukee celebra el Mes de la Educaci\u00f3n Financiera y recibe reconocimiento!<\/a><\/li>\n<\/ul><\/li>\n\t<li><strong class=\"wsp-category-title\">Categor\u00eda: <a href=\"https:\/\/bankonmilwaukee.org\/es\/category\/news\/press-releases\/\">Comunicados de prensa<\/a><\/strong>\n<\/li>\n<\/ul><\/li>\n\t<li><strong class=\"wsp-category-title\">Categor\u00eda: <a href=\"https:\/\/bankonmilwaukee.org\/es\/category\/resources\/\">Recursos<\/a><\/strong>\n<ul class=\"wsp-posts-list\">\t\t<li class=\"wsp-post\"><a href=\"https:\/\/bankonmilwaukee.org\/es\/resources\/showmethemoney-volunteer-income-tax-assistance-vita-program\/\">#ShowMeTheMoney: Programa de asistencia voluntaria con el impuesto sobre la renta (VITA)<\/a><\/li>\n\t\t<li class=\"wsp-post\"><a href=\"https:\/\/bankonmilwaukee.org\/es\/resources\/showmethemoney-mortgage-rescue-scams\/\">#ShowMeTheMoney: Estafas de rescate hipotecario<\/a><\/li>\n\t\t<li class=\"wsp-post\"><a href=\"https:\/\/bankonmilwaukee.org\/es\/resources\/showmethemoney-credit-basics-resources\/\">#ShowMeTheMoney: Conceptos b\u00e1sicos y recursos de cr\u00e9dito<\/a><\/li>\n\t\t<li class=\"wsp-post\"><a href=\"https:\/\/bankonmilwaukee.org\/es\/resources\/showmethemoney-able-accounts-for-people-with-disabilities\/\">#ShowMeTheMoney: Cuentas ABLE para personas con discapacidades<\/a><\/li>\n\t<li><strong class=\"wsp-category-title\">Categor\u00eda: <a href=\"https:\/\/bankonmilwaukee.org\/es\/category\/resources\/certified-accounts\/\">Cuentas certificadas<\/a><\/strong>\n<ul class=\"wsp-posts-list\">\t\t<li class=\"wsp-post\"><a href=\"https:\/\/bankonmilwaukee.org\/es\/resources\/showmethemoney-achieve-products-with-bank-five-nine\/\">#ShowMeTheMoney: Logre productos con Bank Five Nine<\/a><\/li>\n\t\t<li class=\"wsp-post\"><a href=\"https:\/\/bankonmilwaukee.org\/es\/resources\/mswiweek-about-certified-accounts\/\">Semana #MSWI: Acerca de las cuentas certificadas<\/a><\/li>\n<\/ul><\/li>\n\t<li><strong class=\"wsp-category-title\">Categor\u00eda: <a href=\"https:\/\/bankonmilwaukee.org\/es\/category\/resources\/financial-education\/\">Educaci\u00f3n financiera<\/a><\/strong>\n<ul class=\"wsp-posts-list\">\t\t<li class=\"wsp-post\"><a href=\"https:\/\/bankonmilwaukee.org\/es\/resources\/your-smart-money-resource-guides-free-download\/\">Sus gu\u00edas de recursos de Smart Money: descarga GRATUITA<\/a><\/li>\n\t\t<li class=\"wsp-post\"><a href=\"https:\/\/bankonmilwaukee.org\/es\/resources\/closing-out-financial-literacy-month-2023\/\">Cerrando el Mes de la Educaci\u00f3n Financiera 2023<\/a><\/li>\n\t\t<li class=\"wsp-post\"><a href=\"https:\/\/bankonmilwaukee.org\/es\/resources\/mswiweek-529-savings-plans-what-they-are-what-to-teach-kids\/\">#MSWIWeek: Planes de ahorro 529: qu\u00e9 son y qu\u00e9 ense\u00f1ar a los ni\u00f1os<\/a><\/li>\n\t\t<li class=\"wsp-post\"><a href=\"https:\/\/bankonmilwaukee.org\/es\/resources\/10-tips-to-celebrate-financial-literacy-month-and-mswiweek\/\">Diez consejos para celebrar el Mes de la Educaci\u00f3n Financiera y la Semana #MSWI<\/a><\/li>\n\t\t<li class=\"wsp-post\"><a href=\"https:\/\/bankonmilwaukee.org\/es\/resources\/fdics-new-money-smart-games-a-resource-for-banks-educators\/\">Los nuevos juegos Money Smart de la FDIC: un recurso para bancos y educadores<\/a><\/li>\n\t\t<li class=\"wsp-post\"><a href=\"https:\/\/bankonmilwaukee.org\/es\/resources\/financial-literacy-month-book-read\/\">Lectura de libros del Mes de la Educaci\u00f3n Financiera<\/a><\/li>\n<\/ul><\/li>\n\t<li><strong class=\"wsp-category-title\">Categor\u00eda: <a href=\"https:\/\/bankonmilwaukee.org\/es\/category\/resources\/show-me-the-money-videos\/\">Mu\u00e9strame los v\u00eddeos de dinero<\/a><\/strong>\n<ul class=\"wsp-posts-list\">\t\t<li class=\"wsp-post\"><a href=\"https:\/\/bankonmilwaukee.org\/es\/resources\/show-me-the-money-videos\/showmethemoney-why-you-should-check-your-credit-report\/\">#ShowMeTheMoney: Por qu\u00e9 deber\u00edas revisar tu informe crediticio<\/a><\/li>\n\t\t<li class=\"wsp-post\"><a href=\"https:\/\/bankonmilwaukee.org\/es\/resources\/show-me-the-money-videos\/showmethemoney-why-you-should-have-a-savings-account\/\">#ShowMeTheMoney: Por qu\u00e9 deber\u00edas tener una cuenta de ahorros<\/a><\/li>\n\t\t<li class=\"wsp-post\"><a href=\"https:\/\/bankonmilwaukee.org\/es\/resources\/show-me-the-money-videos\/showmethemoney-the-importance-of-checking-your-credit-score\/\">#ShowMeTheMoney: La importancia de verificar su puntaje crediticio<\/a><\/li>\n\t\t<li class=\"wsp-post\"><a href=\"https:\/\/bankonmilwaukee.org\/es\/resources\/show-me-the-money-videos\/showmethemoney-what-banks-can-do-for-you\/\">#ShowMeTheMoney: Lo que los bancos pueden hacer por usted<\/a><\/li>\n<\/ul><\/li>\n\t<li><strong class=\"wsp-category-title\">Categor\u00eda: <a href=\"https:\/\/bankonmilwaukee.org\/es\/category\/resources\/youth\/\">Juventud<\/a><\/strong>\n<\/li>\n<\/ul><\/li>\n\t<li><strong class=\"wsp-category-title\">Categor\u00eda: <a href=\"https:\/\/bankonmilwaukee.org\/es\/category\/testimonials\/\">Testimonios<\/a><\/strong>\n<ul class=\"wsp-posts-list\">\t\t<li class=\"wsp-post\"><a href=\"https:\/\/bankonmilwaukee.org\/es\/testimonials\/testimonial-1\/\">Herramientas financieras<\/a><\/li>\n<\/ul><\/li>\n\t<li><strong class=\"wsp-category-title\">Categor\u00eda: <a href=\"https:\/\/bankonmilwaukee.org\/es\/category\/volunteer-testimonials\/\">Testimonios de voluntarios<\/a><\/strong>\n<ul class=\"wsp-posts-list\">\t\t<li class=\"wsp-post\"><a href=\"https:\/\/bankonmilwaukee.org\/es\/volunteer-testimonials\/change-someones-life\/\">Cambiar la vida de alguien<\/a><\/li>\n<\/ul><\/li>\n<\/ul>\n<h2 class=\"wsp-product_cats-title\">Categor\u00edas del producto<\/h2>\n<ul class=\"wsp-product_cats-list\">\n<li><a href=\"https:\/\/bankonmilwaukee.org\/es\/categoria-producto\/certified-accounts\/\">Cuentas certificadas<\/a><\/li>\n<\/ul>\n<\/div>","protected":false},"excerpt":{"rendered":"","protected":false},"author":1,"featured_media":0,"parent":0,"menu_order":0,"comment_status":"closed","ping_status":"closed","template":"","meta":{"_acf_changed":false,"footnotes":""},"class_list":["post-694","page","type-page","status-publish","hentry"],"acf":[],"_links":{"self":[{"href":"https:\/\/bankonmilwaukee.org\/es\/wp-json\/wp\/v2\/pages\/694","targetHints":{"allow":["GET"]}}],"collection":[{"href":"https:\/\/bankonmilwaukee.org\/es\/wp-json\/wp\/v2\/pages"}],"about":[{"href":"https:\/\/bankonmilwaukee.org\/es\/wp-json\/wp\/v2\/types\/page"}],"author":[{"embeddable":true,"href":"https:\/\/bankonmilwaukee.org\/es\/wp-json\/wp\/v2\/users\/1"}],"replies":[{"embeddable":true,"href":"https:\/\/bankonmilwaukee.org\/es\/wp-json\/wp\/v2\/comments?post=694"}],"version-history":[{"count":1,"href":"https:\/\/bankonmilwaukee.org\/es\/wp-json\/wp\/v2\/pages\/694\/revisions"}],"predecessor-version":[{"id":695,"href":"https:\/\/bankonmilwaukee.org\/es\/wp-json\/wp\/v2\/pages\/694\/revisions\/695"}],"wp:attachment":[{"href":"https:\/\/bankonmilwaukee.org\/es\/wp-json\/wp\/v2\/media?parent=694"}],"curies":[{"name":"gracias","href":"https:\/\/api.w.org\/{rel}","templated":true}]}}