{"id":698,"date":"2024-04-02T00:27:24","date_gmt":"2024-04-02T05:27:24","guid":{"rendered":"https:\/\/bankonmilwaukee.org\/?page_id=698"},"modified":"2024-04-02T00:28:59","modified_gmt":"2024-04-02T05:28:59","slug":"terms","status":"publish","type":"page","link":"https:\/\/bankonmilwaukee.org\/es\/terms\/","title":{"rendered":"T\u00e9rminos y condiciones de uso"},"content":{"rendered":"<h2>1. T\u00e9rminos<\/h2>\n<p>Al acceder a este sitio web, accesible desde https:\/\/bankonmilwaukee.org\/, usted acepta estar sujeto a estos T\u00e9rminos y condiciones de uso del sitio web y acepta que es responsable del acuerdo con las leyes locales aplicables. Si no est\u00e1 de acuerdo con alguno de estos t\u00e9rminos, tiene prohibido acceder a este sitio. Los materiales contenidos en este sitio web est\u00e1n protegidos por derechos de autor y leyes de marcas comerciales.<\/p>\n<h2>2. Licencia de uso<\/h2>\n<p>Se otorga permiso para descargar temporalmente una copia de los materiales en el sitio web de BankOn Greater Milwaukee para visualizaci\u00f3n transitoria personal y no comercial \u00fanicamente. Esta es la concesi\u00f3n de una licencia, no una transferencia de t\u00edtulo, y bajo esta licencia usted no puede:<\/p>\n<ul>\n<li>modificar o copiar los materiales;<\/li>\n<li>utilizar los materiales para cualquier prop\u00f3sito comercial o para exhibici\u00f3n p\u00fablica;<\/li>\n<li>intentar aplicar ingenier\u00eda inversa a cualquier software contenido en el sitio web de BankOn Greater Milwaukee;<\/li>\n<li>eliminar cualquier copyright u otras anotaciones de propiedad de los materiales; o<\/li>\n<li>transferir los materiales a otra persona o \u201creplicar\u201d los materiales en cualquier otro servidor.<\/li>\n<\/ul>\n<p>Esto permitir\u00e1 que BankOn Greater Milwaukee rescinda su contrato en caso de incumplimiento de cualquiera de estas restricciones. Tras la rescisi\u00f3n, su derecho de visualizaci\u00f3n tambi\u00e9n finalizar\u00e1 y deber\u00e1 destruir cualquier material descargado que tenga en su poder, ya sea en formato impreso o electr\u00f3nico. Estos T\u00e9rminos de servicio han sido creados con la ayuda de <a href=\"https:\/\/www.termsofservicegenerator.net\">Generador de t\u00e9rminos de servicio<\/a>.<\/p>\n<h2>3. Descargo de responsabilidad<\/h2>\n<p>Todos los materiales del sitio web de BankOn Greater Milwaukee se proporcionan &quot;tal cual&quot;. BankOn Greater Milwaukee no ofrece garant\u00edas, ya sean expresas o impl\u00edcitas, por lo tanto niega todas las dem\u00e1s garant\u00edas. Adem\u00e1s, BankOn Greater Milwaukee no hace ninguna declaraci\u00f3n con respecto a la precisi\u00f3n o confiabilidad del uso de los materiales en su sitio web o de otro modo en relaci\u00f3n con dichos materiales o cualquier sitio vinculado a este sitio web.<\/p>\n<h2>4. Limitaciones<\/h2>\n<p>BankOn Greater Milwaukee o sus proveedores no ser\u00e1n responsables de ning\u00fan da\u00f1o que surja con el uso o la imposibilidad de usar los materiales en el sitio web de BankOn Greater Milwaukee, incluso si BankOn Greater Milwaukee o un representante autorizado de este sitio web han sido notificados, oralmente o escrito, de la posibilidad de tal da\u00f1o. Algunas jurisdicciones no permiten limitaciones a las garant\u00edas impl\u00edcitas o limitaciones de responsabilidad por da\u00f1os incidentales; es posible que estas limitaciones no se apliquen a usted.<\/p>\n<h2>5. Revisiones y erratas<\/h2>\n<p>Los materiales que aparecen en el sitio web de BankOn Greater Milwaukee pueden incluir errores t\u00e9cnicos, tipogr\u00e1ficos o fotogr\u00e1ficos. BankOn Greater Milwaukee no prometer\u00e1 que ninguno de los materiales de este sitio web sea exacto, completo o actual. BankOn Greater Milwaukee puede cambiar los materiales contenidos en su sitio web en cualquier momento sin previo aviso. BankOn Greater Milwaukee no se compromete a actualizar los materiales.<\/p>\n<h2>6. Enlaces<\/h2>\n<p>BankOn Greater Milwaukee no ha revisado todos los sitios vinculados a su sitio web y no es responsable del contenido de dichos sitios vinculados. La presencia de cualquier v\u00ednculo no implica aprobaci\u00f3n del sitio por parte de BankOn Greater Milwaukee. El uso de cualquier sitio web vinculado es por cuenta y riesgo del usuario.<\/p>\n<h2>7. Modificaciones de los t\u00e9rminos de uso del sitio<\/h2>\n<p>BankOn Greater Milwaukee puede revisar estos T\u00e9rminos de uso de su sitio web en cualquier momento sin previo aviso. Al utilizar este sitio web, usted acepta estar sujeto a la versi\u00f3n actual de estos T\u00e9rminos y condiciones de uso.<\/p>\n<h2>8. Tu privacidad<\/h2>\n<p>Por favor lea nuestro <a href=\"https:\/\/bankonmilwaukee.org\/es\/privacy\/\">pol\u00edtica de privacidad<\/a>.<\/p>\n<h2>9. Ley aplicable<\/h2>\n<p>Cualquier reclamo relacionado con el sitio web de BankOn Greater Milwaukee se regir\u00e1 por nuestras leyes sin tener en cuenta sus disposiciones sobre conflicto de leyes.<\/p>","protected":false},"excerpt":{"rendered":"<p>1. T\u00e9rminos Al acceder a este sitio web, accesible desde https:\/\/bankonmilwaukee.org\/, usted acepta estar sujeto a estos T\u00e9rminos y condiciones de uso del sitio web y acepta que es responsable del acuerdo con las leyes locales aplicables. Si no est\u00e1 de acuerdo con alguno de estos t\u00e9rminos, tiene prohibido acceder a este sitio. Los materiales contenidos\u2026<\/p>","protected":false},"author":1,"featured_media":0,"parent":0,"menu_order":0,"comment_status":"closed","ping_status":"closed","template":"","meta":{"_acf_changed":false,"footnotes":""},"class_list":["post-698","page","type-page","status-publish","hentry"],"acf":[],"_links":{"self":[{"href":"https:\/\/bankonmilwaukee.org\/es\/wp-json\/wp\/v2\/pages\/698","targetHints":{"allow":["GET"]}}],"collection":[{"href":"https:\/\/bankonmilwaukee.org\/es\/wp-json\/wp\/v2\/pages"}],"about":[{"href":"https:\/\/bankonmilwaukee.org\/es\/wp-json\/wp\/v2\/types\/page"}],"author":[{"embeddable":true,"href":"https:\/\/bankonmilwaukee.org\/es\/wp-json\/wp\/v2\/users\/1"}],"replies":[{"embeddable":true,"href":"https:\/\/bankonmilwaukee.org\/es\/wp-json\/wp\/v2\/comments?post=698"}],"version-history":[{"count":4,"href":"https:\/\/bankonmilwaukee.org\/es\/wp-json\/wp\/v2\/pages\/698\/revisions"}],"predecessor-version":[{"id":702,"href":"https:\/\/bankonmilwaukee.org\/es\/wp-json\/wp\/v2\/pages\/698\/revisions\/702"}],"wp:attachment":[{"href":"https:\/\/bankonmilwaukee.org\/es\/wp-json\/wp\/v2\/media?parent=698"}],"curies":[{"name":"gracias","href":"https:\/\/api.w.org\/{rel}","templated":true}]}}