{"id":735,"date":"2025-12-22T12:20:17","date_gmt":"2025-12-22T18:20:17","guid":{"rendered":"https:\/\/bankonmilwaukee.org\/?page_id=735"},"modified":"2026-02-25T08:47:02","modified_gmt":"2026-02-25T14:47:02","slug":"youth-resources","status":"publish","type":"page","link":"https:\/\/bankonmilwaukee.org\/es\/youth-resources\/","title":{"rendered":"Recursos para j\u00f3venes"},"content":{"rendered":"<div class=\"row\" style=\"margin-top: 150px;\">\n<h2 class=\"col-sm-10 col-sm-offset-1\"><b>Recursos de educaci\u00f3n financiera para j\u00f3venes: Desarrolla habilidades para toda la vida.<\/b><\/h2>\n<div><\/div>\n<div><\/div>\n<div class=\"col-sm-10 col-sm-offset-1\">Aunque el verano a\u00fan est\u00e1 en pleno apogeo, ahora es un buen momento para que las familias, los educadores y los socios comunitarios exploren herramientas de educaci\u00f3n financiera que ayuden a los j\u00f3venes a tener \u00e9xito.<\/div>\n<div><\/div>\n<div><\/div>\n<div><\/div>\n<div class=\"col-sm-10 col-sm-offset-1\">\n<p>Desde lecciones de finanzas para ni\u00f1os con Barrio S\u00e9samo hasta juegos para adolescentes que simulan los costos universitarios y la creaci\u00f3n de historial crediticio, la educaci\u00f3n financiera puede ser divertida, apropiada para cada edad y accesible. Ya seas padre o madre buscando actividades para hacer en casa, profesor o profesora dise\u00f1ando un programa educativo, o adolescente que empieza a pensar en ahorrar, estas herramientas gratuitas ofrecen algo para todos.<\/p>\n<h2><b>Planes de estudio y recursos de aprendizaje por edad<\/b><\/h2>\n<p><b>Experiencia pr\u00e1ctica en el sector bancario<\/b><b><br \/>\n<\/b><a href=\"https:\/\/youth.handsonbanking.org\/\"> https:\/\/youth.handsonbanking.org<br \/>\n<\/a> Un programa gratuito y premiado de educaci\u00f3n financiera disponible en ingl\u00e9s y espa\u00f1ol. Ofrece contenido no comercial para estudiantes, padres y educadores, incluyendo planes de lecciones, gu\u00edas para instructores y actividades en l\u00ednea.<br \/>\n<i>Consejo adicional: Consulta actividades familiares imprimibles para estudiantes de primaria, secundaria y bachillerato.<\/i><i><br \/>\n<\/i><a href=\"https:\/\/youth.handsonbanking.org\/families\/\"> Explora actividades familiares<\/a><\/p>\n<p><b>La FDIC ofrece consejos financieros inteligentes para j\u00f3venes.<\/b><b><br \/>\n<\/b><a href=\"https:\/\/www.fdic.gov\/consumer-resource-center\/money-smart-young-people\"> https:\/\/www.fdic.gov\/consumer-resource-center\/money-smart-young-people<br \/>\n<\/a> Ofrece cuatro programas de educaci\u00f3n financiera gratuitos y adaptados a la edad, desde preescolar hasta el \u00faltimo a\u00f1o de secundaria. Incluye gu\u00edas para educadores y materiales did\u00e1cticos atractivos para los estudiantes.<\/p>\n<p><b>Barrio S\u00e9samo: Para m\u00ed, para ti, para despu\u00e9s<\/b><b><br \/>\n<\/b><a href=\"https:\/\/www.sesamestreet.org\/toolkits\/save\"> https:\/\/sesamestreet.org\/toolkits\/save<br \/>\n<\/a> Este kit de herramientas, dirigido a ni\u00f1os de entre 1 y 6 a\u00f1os, introduce los conceptos de ahorro, gasto y compartici\u00f3n a trav\u00e9s de juegos, v\u00eddeos y actividades imprimibles.<\/p>\n<p><b>Finanzas Personales de Nueva Generaci\u00f3n (NGPF) \u2013 Curso para estudiantes de secundaria<\/b><b><br \/>\n<\/b><a href=\"https:\/\/www.ngpf.org\/courses\/middle-school-course\"> https:\/\/www.ngpf.org\/courses\/middle-school-course<br \/>\n<\/a> Curso de 9 semanas dise\u00f1ado para alumnos de 6.\u00ba a 8.\u00ba grado que abarca valores monetarios, banca, ahorro y presupuesto. Incluye recursos gratuitos a trav\u00e9s de Google Drive, Nearpod y Pear Deck.<\/p>\n<p><b>Curso semestral de bachillerato de NGPF<\/b><b><br \/>\n<\/b><a href=\"https:\/\/www.ngpf.org\/courses\/semester-course\"> https:\/\/www.ngpf.org\/courses\/semester-course<br \/>\n<\/a>Este curso semestral para estudiantes de 9.\u00ba a 12.\u00ba grado se ajusta a los est\u00e1ndares nacionales de educaci\u00f3n financiera y prepara a los alumnos para gestionar sus finanzas personales despu\u00e9s de graduarse.<\/p>\n<p><b>Money Path de Secure Futures<\/b><b><br \/>\n<\/b><a href=\"https:\/\/moneypath.securefutures.org\/\"> https:\/\/moneypath.securefutures.org<br \/>\n<\/a> Herramienta de planificaci\u00f3n digital con sede en Wisconsin que ayuda a los estudiantes a visualizar el impacto financiero de las decisiones universitarias y profesionales.<br \/>\nAqu\u00ed encontrar\u00e1 recursos adicionales y herramientas para educadores:<br \/>\n<a href=\"https:\/\/moneypath.securefutures.org\/resources\/page\/2\/\"> Centro de recursos para un futuro seguro<\/a><\/p>\n<p><b>Programa en l\u00ednea &quot;Invierte en ni\u00f1as&quot;<\/b><b><br \/>\n<\/b><a href=\"https:\/\/www.investingirls.org\/for-students\/\"> https:\/\/www.investingirls.org\/for-students<br \/>\n<\/a> Un programa de bachillerato en l\u00ednea que ense\u00f1a a las j\u00f3venes habilidades b\u00e1sicas para la toma de decisiones financieras y fomenta su confianza en el dinero.<\/p>\n<p><b>Las mujeres hablan de dinero: Serie educativa para adolescentes<\/b><b><br \/>\n<\/b><a href=\"https:\/\/fidelityevents.com\/teen-girl-learning-series\"> https:\/\/fidelityevents.com\/teen-girl-learning-series<br \/>\n<\/a> Una serie interactiva a ritmo propio dise\u00f1ada para ayudar a los adolescentes a desarrollar conocimientos financieros y habilidades para la vida a su propio ritmo, perfecta para que las familias la hagan juntas.<\/p>\n<p>Herramientas gratuitas para todas las edades<\/p>\n<p><b>Mira hacia adelante Wisconsin<\/b><b><br \/>\n<\/b><a href=\"https:\/\/lookforwardwi.gov\/\"> https:\/\/lookforwardwi.gov<br \/>\n<\/a> Proporciona herramientas de planificaci\u00f3n universitaria y profesional para estudiantes de todas las edades. Incluye un archivo descargable. <i>Gu\u00eda de preparaci\u00f3n para la universidad y la vida profesional<\/i> Para familias y educadores.<\/p>\n<p><b>Trazando tu futuro<\/b><b><br \/>\n<\/b><a href=\"https:\/\/mappingyourfuture.org\/\"> https:\/\/mappingyourfuture.org<br \/>\n<\/a> Herramientas interactivas y orientaci\u00f3n para ni\u00f1os que exploran futuras trayectorias profesionales y oportunidades universitarias.<\/p>\n<p><b>Tu dinero, tu futuro<\/b><b><br \/>\n<\/b><a href=\"https:\/\/www.practicalmoneyskills.com\/en\">https:\/\/www.practicalmoneyskills.com\/en<br \/>\n<\/a> Una gu\u00eda financiera centrada en el estudiante que ense\u00f1a temas de finanzas personales en un formato claro y accesible.<\/p>\n<p><b>Juegos interactivos que ense\u00f1an<\/b><\/p>\n<p>La educaci\u00f3n financiera puede ser pr\u00e1ctica y atractiva. Estos juegos en l\u00ednea gratuitos ense\u00f1an conceptos valiosos a trav\u00e9s de la toma de decisiones, la dramatizaci\u00f3n y situaciones de la vida real:<\/p>\n\n<table id=\"tablepress-1\" class=\"tablepress tablepress-id-1\">\n<thead>\n<tr class=\"row-1\">\n\t<th class=\"column-1\">Juego<\/th><th class=\"column-2\">Rango de edad recomendado<\/th><th class=\"column-3\">Descripci\u00f3n \/ Notas<\/th>\n<\/tr>\n<\/thead>\n<tbody class=\"row-striping row-hover\">\n<tr class=\"row-2\">\n\t<td class=\"column-1\">Aula de numism\u00e1tica de la Casa de la Moneda de EE. UU.<br \/>\n<a href=\"http:\/\/kids.usmint.gov\/games\" target=\"_blank\">(kids.usmint.gov\/games)<\/a><\/td><td class=\"column-2\">Escuela primaria \u2013 escuela secundaria <br \/>\n(Grados 3\u20136)<\/td><td class=\"column-3\">Variedad de juegos que abarcan conceptos b\u00e1sicos sobre el dinero a trav\u00e9s de juegos de monedas.<\/td>\n<\/tr>\n<tr class=\"row-3\">\n\t<td class=\"column-1\">Arcade NGPF <br \/>\n<a href=\"http:\/\/ngpf.org\/arcade\" target=\"_blank\">(ngpf.org\/arcade)<\/a><\/td><td class=\"column-2\">Escuela secundaria \u2013 Preparatoria <br \/>\n(Grados 6\u201312)<\/td><td class=\"column-3\">Amplia gama de juegos sobre presupuesto, inversi\u00f3n, seguros y m\u00e1s. La mayor\u00eda son simulaciones r\u00e1pidas y espec\u00edficas sobre el tema.<\/td>\n<\/tr>\n<tr class=\"row-4\">\n\t<td class=\"column-1\">Conflicto de cr\u00e9dito<br \/>\n<a href=\"http:\/\/creditclash.com\" target=\"_blank\">(creditclash.com)<\/a><\/td><td class=\"column-2\">Escuela secundaria \u2013 Preparatoria <br \/>\n(Grados 7\u201312)<\/td><td class=\"column-3\">Juego de presupuestos donde los jugadores deben lidiar con gastos inesperados y decisiones financieras de la vida real.<\/td>\n<\/tr>\n<tr class=\"row-5\">\n\t<td class=\"column-1\">Venganza<br \/>\n<a href=\"http:\/\/timeforpayback.com\" target=\"_blank\">(timeforpayback.com)<\/a><\/td><td class=\"column-2\">Escuela secundaria <br \/>\n(Grados 9\u201312)<\/td><td class=\"column-3\">Los estudiantes simulan decisiones sobre los costos universitarios, la gesti\u00f3n del tiempo y la deuda estudiantil.<\/td>\n<\/tr>\n<tr class=\"row-6\">\n\t<td class=\"column-1\">AX<br \/>\n<a href=\"http:\/\/buildyourstax.com\" target=\"_blank\">(buildyourstax.com)<\/a><\/td><td class=\"column-2\">Escuela secundaria y superior <br \/>\n(Desde 9.\u00ba grado hasta adultos)<\/td><td class=\"column-3\">Simula 20 a\u00f1os de inversi\u00f3n para mostrar el impacto a largo plazo de las decisiones financieras.<\/td>\n<\/tr>\n<tr class=\"row-7\">\n\t<td class=\"column-1\">Sam el turbio<br \/>\n<a href=\"http:\/\/shadysam.com\" target=\"_blank\">(shadysam.com)<\/a><\/td><td class=\"column-2\">Escuela secundaria y superior <br \/>\n(Desde 9.\u00ba grado hasta adultos)<\/td><td class=\"column-3\">Ense\u00f1a sobre pr\u00e1cticas crediticias abusivas permitiendo a los usuarios &quot;interpretar el papel del villano&quot;. Recomendado para estudiantes maduros.<\/td>\n<\/tr>\n<tr class=\"row-8\">\n\t<td class=\"column-1\">GASTADO <br \/>\n<a href=\"http:\/\/playspent.org\" target=\"_blank\">(playspent.org)<\/a><\/td><td class=\"column-2\">Escuela secundaria y superior <br \/>\n(Desde 9.\u00ba grado hasta adultos)<\/td><td class=\"column-3\">Los estudiantes experimentan inestabilidad financiera y deben tomar decisiones dif\u00edciles en cuanto a su presupuesto con ingresos limitados.<\/td>\n<\/tr>\n<tr class=\"row-9\">\n\t<td class=\"column-1\">Eng\u00e1\u00f1alos si puedes<br \/>\n<a href=\"http:\/\/conemifyoucan.org\" target=\"_blank\">(conemifyoucan.org)<\/a><\/td><td class=\"column-2\">Escuela secundaria y superior <br \/>\n(Desde 9.\u00ba grado hasta adultos)<\/td><td class=\"column-3\">Un juego de estrategia para identificar fraudes y estafas de inversi\u00f3n. Se centra en el pensamiento cr\u00edtico.<\/td>\n<\/tr>\n<\/tbody>\n<\/table>\n<!-- #tablepress-1 from cache -->\n<p>&nbsp;<\/p>\n<h2><b>Apoyo a estudiantes, familias y educadores.<\/b><\/h2>\n<p>Brindar a los j\u00f3venes conocimientos financieros comienza con el apoyo de las familias, las escuelas y las comunidades. Muchos de estos programas est\u00e1n dise\u00f1ados para usarse en casa, en las aulas o en talleres comunitarios, y todos son gratuitos.<\/p>\n<p><b>\u00bfTienes preguntas sobre la universidad o los pr\u00e9stamos estudiantiles?<\/b><b><br \/>\n<\/b> Contacta con el <a href=\"https:\/\/debtsmarts.org\/\" target=\"_blank\" rel=\"noopener\"><b>Coalici\u00f3n de Wisconsin sobre la deuda estudiantil<\/b><\/a> Para obtener asistencia experta y gratuita por tel\u00e9fono o correo electr\u00f3nico.<\/p>\n<p>Explora algunos de estos recursos hoy mismo y ayuda a los j\u00f3venes de tu entorno a empezar a desarrollar h\u00e1bitos financieros s\u00f3lidos que les ser\u00e1n \u00fatiles durante muchos a\u00f1os.<\/p>\n<\/div>\n<\/div>","protected":false},"excerpt":{"rendered":"<p>Financial Literacy Resources for Youth: Build Skills for a Lifetime While summer is still in full swing, now is a great time for families, educators, and community partners to explore financial education tools that will help young people succeed. From early money lessons with Sesame Street to high school games that simulate college costs and &hellip;<\/p>","protected":false},"author":1,"featured_media":0,"parent":0,"menu_order":0,"comment_status":"closed","ping_status":"closed","template":"","meta":{"_acf_changed":false,"footnotes":""},"class_list":["post-735","page","type-page","status-publish","hentry"],"acf":[],"_links":{"self":[{"href":"https:\/\/bankonmilwaukee.org\/es\/wp-json\/wp\/v2\/pages\/735","targetHints":{"allow":["GET"]}}],"collection":[{"href":"https:\/\/bankonmilwaukee.org\/es\/wp-json\/wp\/v2\/pages"}],"about":[{"href":"https:\/\/bankonmilwaukee.org\/es\/wp-json\/wp\/v2\/types\/page"}],"author":[{"embeddable":true,"href":"https:\/\/bankonmilwaukee.org\/es\/wp-json\/wp\/v2\/users\/1"}],"replies":[{"embeddable":true,"href":"https:\/\/bankonmilwaukee.org\/es\/wp-json\/wp\/v2\/comments?post=735"}],"version-history":[{"count":11,"href":"https:\/\/bankonmilwaukee.org\/es\/wp-json\/wp\/v2\/pages\/735\/revisions"}],"predecessor-version":[{"id":831,"href":"https:\/\/bankonmilwaukee.org\/es\/wp-json\/wp\/v2\/pages\/735\/revisions\/831"}],"wp:attachment":[{"href":"https:\/\/bankonmilwaukee.org\/es\/wp-json\/wp\/v2\/media?parent=735"}],"curies":[{"name":"wp","href":"https:\/\/api.w.org\/{rel}","templated":true}]}}