{"id":8,"date":"2023-08-07T08:05:45","date_gmt":"2023-08-07T08:05:45","guid":{"rendered":"https:\/\/bankonmilwaukee.org\/?page_id=8"},"modified":"2024-01-28T22:01:07","modified_gmt":"2024-01-29T04:01:07","slug":"news","status":"publish","type":"page","link":"https:\/\/bankonmilwaukee.org\/es\/news\/","title":{"rendered":"Noticias"},"content":{"rendered":"<div class=\"sp_wpspwpost_static wpspw-design-1 wpspw-grid-3 wpspw-clearfix\">\r\n\r\n\t\t\t\r\n<div class=\"wpspw-post-grid wpspw-medium-4 wpspw-columns first\">\r\n\t<div class=\"wpspw-post-grid-content\">\r\n\r\n\t\t\t\t\t<div class=\"wpspw-post-image-bg\">\r\n\t\t\t\t<a href=\"https:\/\/bankonmilwaukee.org\/es\/news\/financial-inclusion-map-a-tool-to-access-safe-affordable-banking\/\">\r\n\t\t\t\t\t<img decoding=\"async\" src=\"https:\/\/bankonmilwaukee.org\/wp-content\/uploads\/2025\/01\/bogm-financial-inclusion-map-feat.jpg\" alt=\"Financial Inclusion Map: A tool to access safe, affordable banking\" \/>\r\n\t\t\t\t<\/a>\r\n\t\t\t<\/div>\r\n\t\t\t\t\t<div class=\"wpspw-post-categories\"><a href=\"https:\/\/bankonmilwaukee.org\/es\/category\/news\/\">Noticias<\/a> <a href=\"https:\/\/bankonmilwaukee.org\/es\/category\/news\/press-releases\/\">Comunicados de prensa<\/a> <a href=\"https:\/\/bankonmilwaukee.org\/es\/category\/resources\/\">Recursos<\/a><\/div>\r\n\t\t\r\n\t\t<h2 class=\"wpspw-post-title\">\r\n\t\t\t<a href=\"https:\/\/bankonmilwaukee.org\/es\/news\/financial-inclusion-map-a-tool-to-access-safe-affordable-banking\/\">Mapa de Inclusi\u00f3n Financiera: Una herramienta para acceder a una banca segura y asequible<\/a>\r\n\t\t<\/h2>\r\n\r\n\t\t\t\t\t<div class=\"wpspw-post-content\">\r\n\t\t\t\t\t\t\t\t\t<div>\r\n\t\t\t\t\t\tBank On Greater Milwaukee y Data You Can Use han colaborado para crear un NUEVO mapa interactivo en vivo de...\t\t\t\t\t<\/div>\r\n\t\t\t\t\t<a class=\"wpspw-readmorebtn\" href=\"https:\/\/bankonmilwaukee.org\/es\/news\/financial-inclusion-map-a-tool-to-access-safe-affordable-banking\/\">Leer m\u00e1s<\/a>\r\n\t\t\t\t\t\t\t<\/div>\r\n\t\t\t<\/div>\r\n<\/div>\r\n<div class=\"wpspw-post-grid wpspw-medium-4 wpspw-columns\">\r\n\t<div class=\"wpspw-post-grid-content\">\r\n\r\n\t\t\t\t\t<div class=\"wpspw-post-image-bg\">\r\n\t\t\t\t<a href=\"https:\/\/bankonmilwaukee.org\/es\/news\/celebrating-4-years-of-promoting-banking-access-in-our-community\/\">\r\n\t\t\t\t\t<img decoding=\"async\" src=\"https:\/\/bankonmilwaukee.org\/wp-content\/uploads\/2024\/01\/bogm-4th-anniversary.jpg\" alt=\"Celebrating 4+ years of promoting banking access in our community!\" \/>\r\n\t\t\t\t<\/a>\r\n\t\t\t<\/div>\r\n\t\t\t\t\t<div class=\"wpspw-post-categories\"><a href=\"https:\/\/bankonmilwaukee.org\/es\/category\/news\/\">Noticias<\/a> <a href=\"https:\/\/bankonmilwaukee.org\/es\/category\/news\/press-releases\/\">Comunicados de prensa<\/a><\/div>\r\n\t\t\r\n\t\t<h2 class=\"wpspw-post-title\">\r\n\t\t\t<a href=\"https:\/\/bankonmilwaukee.org\/es\/news\/celebrating-4-years-of-promoting-banking-access-in-our-community\/\">\u00a1Celebrando m\u00e1s de 4 a\u00f1os promoviendo el acceso bancario en nuestra comunidad!<\/a>\r\n\t\t<\/h2>\r\n\r\n\t\t\t\t\t<div class=\"wpspw-post-content\">\r\n\t\t\t\t\t\t\t\t\t<div>\r\n\t\t\t\t\t\tGracias a las m\u00e1s de 40 personas de la coalici\u00f3n Bank On Greater Milwaukee y la Alianza para la Alianza Econ\u00f3mica de Milwaukee (AEI)...\t\t\t\t\t<\/div>\r\n\t\t\t\t\t<a class=\"wpspw-readmorebtn\" href=\"https:\/\/bankonmilwaukee.org\/es\/news\/celebrating-4-years-of-promoting-banking-access-in-our-community\/\">Leer m\u00e1s<\/a>\r\n\t\t\t\t\t\t\t<\/div>\r\n\t\t\t<\/div>\r\n<\/div>\r\n<div class=\"wpspw-post-grid wpspw-medium-4 wpspw-columns\">\r\n\t<div class=\"wpspw-post-grid-content\">\r\n\r\n\t\t\t\t\t<div class=\"wpspw-post-image-bg\">\r\n\t\t\t\t<a href=\"https:\/\/bankonmilwaukee.org\/es\/news\/bank-on-greater-milwaukee-celebrates-financial-literacy-month-and-is-recognized\/\">\r\n\t\t\t\t\t<img decoding=\"async\" src=\"https:\/\/bankonmilwaukee.org\/wp-content\/uploads\/2024\/01\/2023-financial-literacy-month-01.jpg\" alt=\"Bank On Greater Milwaukee celebrates Financial Literacy Month and is recognized!\" \/>\r\n\t\t\t\t<\/a>\r\n\t\t\t<\/div>\r\n\t\t\t\t\t<div class=\"wpspw-post-categories\"><a href=\"https:\/\/bankonmilwaukee.org\/es\/category\/news\/local-events\/\">Eventos locales<\/a> <a href=\"https:\/\/bankonmilwaukee.org\/es\/category\/news\/\">Noticias<\/a><\/div>\r\n\t\t\r\n\t\t<h2 class=\"wpspw-post-title\">\r\n\t\t\t<a href=\"https:\/\/bankonmilwaukee.org\/es\/news\/bank-on-greater-milwaukee-celebrates-financial-literacy-month-and-is-recognized\/\">\u00a1Bank On Greater Milwaukee celebra el Mes de la Educaci\u00f3n Financiera y recibe reconocimiento!<\/a>\r\n\t\t<\/h2>\r\n\r\n\t\t\t\t\t<div class=\"wpspw-post-content\">\r\n\t\t\t\t\t\t\t\t\t<div>\r\n\t\t\t\t\t\tCada abril celebramos y promovemos actividades que ayudan a las personas y familias a aprender m\u00e1s sobre h\u00e1bitos, herramientas y...\t\t\t\t\t<\/div>\r\n\t\t\t\t\t<a class=\"wpspw-readmorebtn\" href=\"https:\/\/bankonmilwaukee.org\/es\/news\/bank-on-greater-milwaukee-celebrates-financial-literacy-month-and-is-recognized\/\">Leer m\u00e1s<\/a>\r\n\t\t\t\t\t\t\t<\/div>\r\n\t\t\t<\/div>\r\n<\/div>\r\n<div class=\"wpspw-post-grid wpspw-medium-4 wpspw-columns first\">\r\n\t<div class=\"wpspw-post-grid-content\">\r\n\r\n\t\t\t\t\t<div class=\"wpspw-post-image-bg\">\r\n\t\t\t\t<a href=\"https:\/\/bankonmilwaukee.org\/es\/news\/bank-on-national-account-standards-2023-2024\/\">\r\n\t\t\t\t\t<img decoding=\"async\" src=\"https:\/\/bankonmilwaukee.org\/wp-content\/uploads\/2024\/01\/bogm-generic-01.jpg\" alt=\"Bank On National Account Standards (2023-2024)\" \/>\r\n\t\t\t\t<\/a>\r\n\t\t\t<\/div>\r\n\t\t\t\t\t<div class=\"wpspw-post-categories\"><a href=\"https:\/\/bankonmilwaukee.org\/es\/category\/news\/bankon-accounts\/\">Cuentas BankOn<\/a> <a href=\"https:\/\/bankonmilwaukee.org\/es\/category\/news\/\">Noticias<\/a><\/div>\r\n\t\t\r\n\t\t<h2 class=\"wpspw-post-title\">\r\n\t\t\t<a href=\"https:\/\/bankonmilwaukee.org\/es\/news\/bank-on-national-account-standards-2023-2024\/\">Banco sobre est\u00e1ndares de cuentas nacionales (2023-2024)<\/a>\r\n\t\t<\/h2>\r\n\r\n\t\t\t\t\t<div class=\"wpspw-post-content\">\r\n\t\t\t\t\t\t\t\t\t<div>\r\n\t\t\t\t\t\tEn estrecha colaboraci\u00f3n con nuestro Consejo Asesor Nacional de Bank On y otras partes interesadas clave, el Fondo CFE lanz\u00f3 el Bank On...\t\t\t\t\t<\/div>\r\n\t\t\t\t\t<a class=\"wpspw-readmorebtn\" href=\"https:\/\/bankonmilwaukee.org\/es\/news\/bank-on-national-account-standards-2023-2024\/\">Leer m\u00e1s<\/a>\r\n\t\t\t\t\t\t\t<\/div>\r\n\t\t\t<\/div>\r\n<\/div>\r\n<div class=\"wpspw-post-grid wpspw-medium-4 wpspw-columns\">\r\n\t<div class=\"wpspw-post-grid-content\">\r\n\r\n\t\t\t\t\t<div class=\"wpspw-post-image-bg\">\r\n\t\t\t\t<a href=\"https:\/\/bankonmilwaukee.org\/es\/news\/bank-on-announces-the-2022-champions\/\">\r\n\t\t\t\t\t<img decoding=\"async\" src=\"https:\/\/bankonmilwaukee.org\/wp-content\/uploads\/2024\/01\/bogm-2022-champions.jpg\" alt=\"Bank On Announces the 2022 Champions!\" \/>\r\n\t\t\t\t<\/a>\r\n\t\t\t<\/div>\r\n\t\t\t\t\t<div class=\"wpspw-post-categories\"><a href=\"https:\/\/bankonmilwaukee.org\/es\/category\/news\/\">Noticias<\/a> <a href=\"https:\/\/bankonmilwaukee.org\/es\/category\/news\/press-releases\/\">Comunicados de prensa<\/a><\/div>\r\n\t\t\r\n\t\t<h2 class=\"wpspw-post-title\">\r\n\t\t\t<a href=\"https:\/\/bankonmilwaukee.org\/es\/news\/bank-on-announces-the-2022-champions\/\">\u00a1Bank On anuncia los campeones de 2022!<\/a>\r\n\t\t<\/h2>\r\n\r\n\t\t\t\t\t<div class=\"wpspw-post-content\">\r\n\t\t\t\t\t\t\t\t\t<div>\r\n\t\t\t\t\t\tBank On Greater Milwaukee se enorgullece de felicitar a los ganadores de los premios Bank On Champion Awards 2022 por sus logros...\t\t\t\t\t<\/div>\r\n\t\t\t\t\t<a class=\"wpspw-readmorebtn\" href=\"https:\/\/bankonmilwaukee.org\/es\/news\/bank-on-announces-the-2022-champions\/\">Leer m\u00e1s<\/a>\r\n\t\t\t\t\t\t\t<\/div>\r\n\t\t\t<\/div>\r\n<\/div>\r\n<div class=\"wpspw-post-grid wpspw-medium-4 wpspw-columns\">\r\n\t<div class=\"wpspw-post-grid-content\">\r\n\r\n\t\t\t\t\t<div class=\"wpspw-post-image-bg\">\r\n\t\t\t\t<a href=\"https:\/\/bankonmilwaukee.org\/es\/news\/bogm-celebrates-2-years-2021-coalition-champions\/\">\r\n\t\t\t\t\t<img decoding=\"async\" src=\"https:\/\/bankonmilwaukee.org\/wp-content\/uploads\/2024\/01\/bogm-2021-champions.jpg\" alt=\"BOGM Celebrates 2-Years &#038; 2021 Coalition Champions\" \/>\r\n\t\t\t\t<\/a>\r\n\t\t\t<\/div>\r\n\t\t\t\t\t<div class=\"wpspw-post-categories\"><a href=\"https:\/\/bankonmilwaukee.org\/es\/category\/news\/\">Noticias<\/a> <a href=\"https:\/\/bankonmilwaukee.org\/es\/category\/news\/press-releases\/\">Comunicados de prensa<\/a><\/div>\r\n\t\t\r\n\t\t<h2 class=\"wpspw-post-title\">\r\n\t\t\t<a href=\"https:\/\/bankonmilwaukee.org\/es\/news\/bogm-celebrates-2-years-2021-coalition-champions\/\">BOGM celebra los campeones de la coalici\u00f3n de 2 a\u00f1os y 2021<\/a>\r\n\t\t<\/h2>\r\n\r\n\t\t\t\t\t<div class=\"wpspw-post-content\">\r\n\t\t\t\t\t\t\t\t\t<div>\r\n\t\t\t\t\t\tMILWAUKEE, WI - Bank On Greater Milwaukee (BOGM) celebr\u00f3 su segundo aniversario con una ceremonia de premios virtual que reconoci\u00f3 a seis locales...\t\t\t\t\t<\/div>\r\n\t\t\t\t\t<a class=\"wpspw-readmorebtn\" href=\"https:\/\/bankonmilwaukee.org\/es\/news\/bogm-celebrates-2-years-2021-coalition-champions\/\">Leer m\u00e1s<\/a>\r\n\t\t\t\t\t\t\t<\/div>\r\n\t\t\t<\/div>\r\n<\/div>\r\n<div class=\"wpspw-post-grid wpspw-medium-4 wpspw-columns first\">\r\n\t<div class=\"wpspw-post-grid-content\">\r\n\r\n\t\t\t\t\t<div class=\"wpspw-post-image-bg\">\r\n\t\t\t\t<a href=\"https:\/\/bankonmilwaukee.org\/es\/news\/cfe-fund-announces-more-than-100-bank-on-certified-accounts\/\">\r\n\t\t\t\t\t<img decoding=\"async\" src=\"https:\/\/bankonmilwaukee.org\/wp-content\/uploads\/2024\/01\/bogm-generic-01.jpg\" alt=\"CFE Fund Announces More Than 100 Bank On Certified Accounts\" \/>\r\n\t\t\t\t<\/a>\r\n\t\t\t<\/div>\r\n\t\t\t\t\t<div class=\"wpspw-post-categories\"><a href=\"https:\/\/bankonmilwaukee.org\/es\/category\/news\/\">Noticias<\/a> <a href=\"https:\/\/bankonmilwaukee.org\/es\/category\/news\/press-releases\/\">Comunicados de prensa<\/a><\/div>\r\n\t\t\r\n\t\t<h2 class=\"wpspw-post-title\">\r\n\t\t\t<a href=\"https:\/\/bankonmilwaukee.org\/es\/news\/cfe-fund-announces-more-than-100-bank-on-certified-accounts\/\">Fondo CFE anuncia m\u00e1s de 100 bancos en cuentas certificadas<\/a>\r\n\t\t<\/h2>\r\n\r\n\t\t\t\t\t<div class=\"wpspw-post-content\">\r\n\t\t\t\t\t\t\t\t\t<div>\r\n\t\t\t\t\t\tM\u00e1s de 100 cuentas certificadas de Bank On, en instituciones que comprenden 52% de participaci\u00f3n en el mercado de dep\u00f3sitos nacional, pueden ayudar a los residentes a recibir...\t\t\t\t\t<\/div>\r\n\t\t\t\t\t<a class=\"wpspw-readmorebtn\" href=\"https:\/\/bankonmilwaukee.org\/es\/news\/cfe-fund-announces-more-than-100-bank-on-certified-accounts\/\">Leer m\u00e1s<\/a>\r\n\t\t\t\t\t\t\t<\/div>\r\n\t\t\t<\/div>\r\n<\/div>\r\n<div class=\"wpspw-post-grid wpspw-medium-4 wpspw-columns\">\r\n\t<div class=\"wpspw-post-grid-content\">\r\n\r\n\t\t\t\t\t<div class=\"wpspw-post-image-bg\">\r\n\t\t\t\t<a href=\"https:\/\/bankonmilwaukee.org\/es\/news\/bank-on-greater-milwaukee-joins-jill-economo-on-milwaukees-philanthropic-community\/\">\r\n\t\t\t\t\t<img decoding=\"async\" src=\"https:\/\/bankonmilwaukee.org\/wp-content\/uploads\/2024\/01\/bogm-generic-01.jpg\" alt=\"Bank On Greater Milwaukee Joins Jill Economo on \u201cMilwaukee\u2019s Philanthropic Community\u201d\" \/>\r\n\t\t\t\t<\/a>\r\n\t\t\t<\/div>\r\n\t\t\t\t\t<div class=\"wpspw-post-categories\"><a href=\"https:\/\/bankonmilwaukee.org\/es\/category\/news\/bankon-accounts\/\">Cuentas BankOn<\/a> <a href=\"https:\/\/bankonmilwaukee.org\/es\/category\/news\/\">Noticias<\/a><\/div>\r\n\t\t\r\n\t\t<h2 class=\"wpspw-post-title\">\r\n\t\t\t<a href=\"https:\/\/bankonmilwaukee.org\/es\/news\/bank-on-greater-milwaukee-joins-jill-economo-on-milwaukees-philanthropic-community\/\">Bank On Greater Milwaukee se une a Jill Economo en \u201cLa comunidad filantr\u00f3pica de Milwaukee\u201d<\/a>\r\n\t\t<\/h2>\r\n\r\n\t\t\t\t\t<div class=\"wpspw-post-content\">\r\n\t\t\t\t\t\t\t\t\t<div>\r\n\t\t\t\t\t\tPresentado por Ellenbecker Investment Group, este programa \u00fanico destaca a las organizaciones sin fines de lucro y ayuda a los oyentes a comprender c\u00f3mo pueden tener...\t\t\t\t\t<\/div>\r\n\t\t\t\t\t<a class=\"wpspw-readmorebtn\" href=\"https:\/\/bankonmilwaukee.org\/es\/news\/bank-on-greater-milwaukee-joins-jill-economo-on-milwaukees-philanthropic-community\/\">Leer m\u00e1s<\/a>\r\n\t\t\t\t\t\t\t<\/div>\r\n\t\t\t<\/div>\r\n<\/div>\r\n<div class=\"wpspw-post-grid wpspw-medium-4 wpspw-columns\">\r\n\t<div class=\"wpspw-post-grid-content\">\r\n\r\n\t\t\t\t\t<div class=\"wpspw-post-image-bg\">\r\n\t\t\t\t<a href=\"https:\/\/bankonmilwaukee.org\/es\/news\/bank-on-greater-milwaukee-on-thats-so-money\/\">\r\n\t\t\t\t\t<img decoding=\"async\" src=\"https:\/\/bankonmilwaukee.org\/wp-content\/uploads\/2024\/01\/bogm-generic-02.jpg\" alt=\"Bank On Greater Milwaukee on \u201cThat\u2019s So Money\u201d\" \/>\r\n\t\t\t\t<\/a>\r\n\t\t\t<\/div>\r\n\t\t\t\t\t<div class=\"wpspw-post-categories\"><a href=\"https:\/\/bankonmilwaukee.org\/es\/category\/news\/bankon-accounts\/\">Cuentas BankOn<\/a> <a href=\"https:\/\/bankonmilwaukee.org\/es\/category\/news\/\">Noticias<\/a><\/div>\r\n\t\t\r\n\t\t<h2 class=\"wpspw-post-title\">\r\n\t\t\t<a href=\"https:\/\/bankonmilwaukee.org\/es\/news\/bank-on-greater-milwaukee-on-thats-so-money\/\">Bank On Greater Milwaukee en &quot;That&#039;s So Money&quot;<\/a>\r\n\t\t<\/h2>\r\n\r\n\t\t\t\t\t<div class=\"wpspw-post-content\">\r\n\t\t\t\t\t\t\t\t\t<div>\r\n\t\t\t\t\t\tPresentado por Jeff McCarthy y Becky Miller de Bank Five Nine (First Bank Financial Center), &#039;That&#039;s So Money&#039; toma una...\t\t\t\t\t<\/div>\r\n\t\t\t\t\t<a class=\"wpspw-readmorebtn\" href=\"https:\/\/bankonmilwaukee.org\/es\/news\/bank-on-greater-milwaukee-on-thats-so-money\/\">Leer m\u00e1s<\/a>\r\n\t\t\t\t\t\t\t<\/div>\r\n\t\t\t<\/div>\r\n<\/div>\r\n<div class=\"wpspw-post-grid wpspw-medium-4 wpspw-columns first\">\r\n\t<div class=\"wpspw-post-grid-content\">\r\n\r\n\t\t\t\t\t<div class=\"wpspw-post-image-bg\">\r\n\t\t\t\t<a href=\"https:\/\/bankonmilwaukee.org\/es\/news\/the-urban-economic-development-association-of-wisconsin-launches-bank-on-greater-milwaukee-coalition-to-ensure-all-milwaukee-area-households-have-access-to-safe-and-affordable-banking-products-and-ser\/\">\r\n\t\t\t\t\t<img decoding=\"async\" src=\"https:\/\/bankonmilwaukee.org\/wp-content\/uploads\/2024\/01\/BOGM-Launch-Event-1600x900-1.jpg\" alt=\"The Urban Economic Development Association of Wisconsin launches Bank On Greater Milwaukee coalition to ensure all Milwaukee-area households have access to safe and affordable banking products and services\" \/>\r\n\t\t\t\t<\/a>\r\n\t\t\t<\/div>\r\n\t\t\t\t\t<div class=\"wpspw-post-categories\"><a href=\"https:\/\/bankonmilwaukee.org\/es\/category\/news\/\">Noticias<\/a> <a href=\"https:\/\/bankonmilwaukee.org\/es\/category\/news\/press-releases\/\">Comunicados de prensa<\/a><\/div>\r\n\t\t\r\n\t\t<h2 class=\"wpspw-post-title\">\r\n\t\t\t<a href=\"https:\/\/bankonmilwaukee.org\/es\/news\/the-urban-economic-development-association-of-wisconsin-launches-bank-on-greater-milwaukee-coalition-to-ensure-all-milwaukee-area-households-have-access-to-safe-and-affordable-banking-products-and-ser\/\">La Asociaci\u00f3n de Desarrollo Econ\u00f3mico Urbano de Wisconsin lanza la coalici\u00f3n Bank On Greater Milwaukee para garantizar que todos los hogares del \u00e1rea de Milwaukee tengan acceso a productos y servicios bancarios seguros y asequibles.<\/a>\r\n\t\t<\/h2>\r\n\r\n\t\t\t\t\t<div class=\"wpspw-post-content\">\r\n\t\t\t\t\t\t\t\t\t<div>\r\n\t\t\t\t\t\tMILWAUKEE \u2013 El jueves 19 de septiembre, la Asociaci\u00f3n de Desarrollo Econ\u00f3mico Urbano de Wisconsin (UEDA) lanz\u00f3 el primer Bank On...\t\t\t\t\t<\/div>\r\n\t\t\t\t\t<a class=\"wpspw-readmorebtn\" href=\"https:\/\/bankonmilwaukee.org\/es\/news\/the-urban-economic-development-association-of-wisconsin-launches-bank-on-greater-milwaukee-coalition-to-ensure-all-milwaukee-area-households-have-access-to-safe-and-affordable-banking-products-and-ser\/\">Leer m\u00e1s<\/a>\r\n\t\t\t\t\t\t\t<\/div>\r\n\t\t\t<\/div>\r\n<\/div>\r\n\t\t\t\t\t<\/div>","protected":false},"excerpt":{"rendered":"","protected":false},"author":1,"featured_media":0,"parent":0,"menu_order":0,"comment_status":"closed","ping_status":"closed","template":"","meta":{"_acf_changed":false,"footnotes":""},"class_list":["post-8","page","type-page","status-publish","hentry"],"acf":[],"_links":{"self":[{"href":"https:\/\/bankonmilwaukee.org\/es\/wp-json\/wp\/v2\/pages\/8","targetHints":{"allow":["GET"]}}],"collection":[{"href":"https:\/\/bankonmilwaukee.org\/es\/wp-json\/wp\/v2\/pages"}],"about":[{"href":"https:\/\/bankonmilwaukee.org\/es\/wp-json\/wp\/v2\/types\/page"}],"author":[{"embeddable":true,"href":"https:\/\/bankonmilwaukee.org\/es\/wp-json\/wp\/v2\/users\/1"}],"replies":[{"embeddable":true,"href":"https:\/\/bankonmilwaukee.org\/es\/wp-json\/wp\/v2\/comments?post=8"}],"version-history":[{"count":10,"href":"https:\/\/bankonmilwaukee.org\/es\/wp-json\/wp\/v2\/pages\/8\/revisions"}],"predecessor-version":[{"id":469,"href":"https:\/\/bankonmilwaukee.org\/es\/wp-json\/wp\/v2\/pages\/8\/revisions\/469"}],"wp:attachment":[{"href":"https:\/\/bankonmilwaukee.org\/es\/wp-json\/wp\/v2\/media?parent=8"}],"curies":[{"name":"gracias","href":"https:\/\/api.w.org\/{rel}","templated":true}]}}